{"id":25785,"date":"2025-10-15T04:19:08","date_gmt":"2025-10-15T04:19:08","guid":{"rendered":"https:\/\/cenardarbitraje.com\/web\/?page_id=25785"},"modified":"2026-01-16T18:44:49","modified_gmt":"2026-01-16T18:44:49","slug":"nomina-de-adjudicadores","status":"publish","type":"page","link":"https:\/\/cenardarbitraje.com\/web\/nomina-de-adjudicadores\/","title":{"rendered":"N\u00f3mina de Adjudicadores"},"content":{"rendered":"\t\t<div data-elementor-type=\"wp-page\" data-elementor-id=\"25785\" class=\"elementor elementor-25785\" data-elementor-post-type=\"page\">\n\t\t\t\t<div class=\"elementor-element elementor-element-47bd43a e-con-full e-flex e-con e-parent\" data-id=\"47bd43a\" data-element_type=\"container\">\n\t\t\t\t<div class=\"elementor-element elementor-element-262e377 elementor-widget elementor-widget-spacer\" data-id=\"262e377\" data-element_type=\"widget\" data-widget_type=\"spacer.default\">\n\t\t\t\t<div class=\"elementor-widget-container\">\n\t\t\t\t\t\t\t<div class=\"elementor-spacer\">\n\t\t\t<div class=\"elementor-spacer-inner\"><\/div>\n\t\t<\/div>\n\t\t\t\t\t\t<\/div>\n\t\t\t\t<\/div>\n\t\t\t\t<div class=\"elementor-element elementor-element-da1184e elementor-widget elementor-widget-text-editor\" data-id=\"da1184e\" data-element_type=\"widget\" data-widget_type=\"text-editor.default\">\n\t\t\t\t<div class=\"elementor-widget-container\">\n\t\t\t\t\t\t\t\t\t<p>La lista de adjudicadores presentada en esta secci\u00f3n estar\u00e1 vigente durante el periodo 2025<\/p><p><strong>Informaci\u00f3n adicional:<\/strong> Si desea solicitar su incorporaci\u00f3n a la lista de \u00e1rbitros de CENARD Centro de Arbitraje para el periodo siguiente, debe comunicarlo a <strong>mesadepartes@cenardarbitraje.com<\/strong><\/p>\t\t\t\t\t\t\t\t<\/div>\n\t\t\t\t<\/div>\n\t\t\t\t<\/div>\n\t\t<div class=\"elementor-element elementor-element-1ee9411 e-flex e-con-boxed e-con e-parent\" data-id=\"1ee9411\" data-element_type=\"container\">\n\t\t\t\t\t<div class=\"e-con-inner\">\n\t\t<div class=\"elementor-element elementor-element-af5ddc6 e-con-full e-flex e-con e-child\" data-id=\"af5ddc6\" data-element_type=\"container\">\n\t\t\t\t<div class=\"elementor-element elementor-element-2ae9607 elementor-widget__width-inherit elementor-widget-mobile__width-inherit elementor-widget-tablet_extra__width-initial elementor-widget elementor-widget-elementskit-accordion\" data-id=\"2ae9607\" data-element_type=\"widget\" data-widget_type=\"elementskit-accordion.default\">\n\t\t\t\t<div class=\"elementor-widget-container\">\n\t\t\t\t\t<div class=\"ekit-wid-con\" >\n        <div class=\"elementskit-accordion accordion-4\" id=\"accordion-69de3e6ca34e9\">\n\n            \n                <div class=\"elementskit-card active\">\n                    <div class=\"elementskit-card-header\" id=\"primaryHeading-0-2ae9607\">\n                        <a href=\"#collapse-bc2283069de3e6ca34e9\" class=\"ekit-accordion--toggler elementskit-btn-link collapsed\" data-ekit-toggle=\"collapse\" data-target=\"#Collapse-bc2283069de3e6ca34e9\" aria-expanded=\"true\" aria-controls=\"Collapse-bc2283069de3e6ca34e9\">\n                                                            <div class=\"ekit_accordion_icon_left_group\">\n                                    <div class=\"ekit_accordion_normal_icon\">\n                                        <!-- Normal Icon -->\n                                        <i class=\"fas fa-angle-double-left\"><\/i>                                    <\/div>\n\n                                    <div class=\"ekit_accordion_active_icon\">\n                                        <!-- Active Icon -->\n\t\t\t\t\t\t\t\t\t\t<i class=\"icon icon-double-angle-pointing-to-right\"><\/i>                                    <\/div>\n                                <\/div>\n\n                            \n                            <span class=\"ekit-accordion-title\">Nomina de adjudicadores en materia de contrataci\u00f3n p\u00fablica<\/span>\n\n                            \n                                                    <\/a>\n                    <\/div>\n\n                    <div id=\"Collapse-bc2283069de3e6ca34e9\" class=\" show collapse\" aria-labelledby=\"primaryHeading-0-2ae9607\" data-parent=\"#accordion-69de3e6ca34e9\">\n\n                        <div class=\"elementskit-card-body ekit-accordion--content\">\n                            &nbsp;\n<table>\n<tbody>\n<tr>\n<td><strong>APELLIDOS Y NOMBRES<\/strong><\/td>\n<td><strong>PROFESI\u00d3N<\/strong><\/td>\n<td><strong>ESPECIALIDAD<\/strong><\/td>\n<\/tr>\n<tr>\n<td>Aguilar Torres, Carlos Jonatan<\/td>\n<td>Ingeniero Civil<\/td>\n<td>Contrataci\u00f3n P\u00fablica<\/td>\n<\/tr>\n<tr>\n<td>Ames Peralta, Luis Enrique<\/td>\n<td>Abogado<\/td>\n<td>Contrataciones del estado, arbitraje y derecho administrativo<\/td>\n<\/tr>\n<tr>\n<td>Andia Espinoza, Helmuth Aar\u00f3n<\/td>\n<td>Abogado<\/td>\n<td>Contrataciones del estado, arbitraje y derecho administrativo<\/td>\n<\/tr>\n<tr>\n<td>Benavides Pontex, Roberto Carlos<\/td>\n<td>Abogado<\/td>\n<td>Contrataciones del estado, arbitraje y derecho administrativo<\/td>\n<\/tr>\n<tr>\n<td>Bocanegra Tapia, Arturo<\/td>\n<td>Ingeniero Civil<\/td>\n<td>Contrataci\u00f3n P\u00fablica<\/td>\n<\/tr>\n<tr>\n<td>Cabrejos V\u00e1squez, Carlos Miguel<\/td>\n<td>Ingeniero Civil<\/td>\n<td>Contrataci\u00f3n P\u00fablica<\/td>\n<\/tr>\n<tr>\n<td>Cabrera Villa, Justo Enrique<\/td>\n<td>Ingeniero Civil<\/td>\n<td>Contrataci\u00f3n P\u00fablica<\/td>\n<\/tr>\n<tr>\n<td>Cacho Becerra, Nestor Alejandro<\/td>\n<td>Ingeniero Civil<\/td>\n<td>Contrataci\u00f3n P\u00fablica<\/td>\n<\/tr>\n<tr>\n<td>Canch\u00e1n Narrea, F\u00e9lix Antonio<\/td>\n<td>Ingeniero Civil<\/td>\n<td>Contrataci\u00f3n P\u00fablica<\/td>\n<\/tr>\n<tr>\n<td>Castillo Meza, Miguel<\/td>\n<td>Abogado<\/td>\n<td>Contrataciones del estado, arbitraje y derecho administrativo<\/td>\n<\/tr>\n<tr>\n<td>Celi Alzamora, Gary Anderson<\/td>\n<td>Ingeniero Civil<\/td>\n<td>Contrataci\u00f3n P\u00fablica<\/td>\n<\/tr>\n<tr>\n<td>Flores Ar\u00e9valo, Humberto<\/td>\n<td>Abogado<\/td>\n<td>Contrataciones del estado, arbitraje y derecho administrativo<\/td>\n<\/tr>\n<tr>\n<td>Fukunaga Mendoza, Luis Mart\u00edn<\/td>\n<td>Ingeniero Civil<\/td>\n<td>Contrataci\u00f3n P\u00fablica<\/td>\n<\/tr>\n<tr>\n<td>Guerrero Aquino, Jenny Violeta<\/td>\n<td>Ingeniero Civil<\/td>\n<td>Contrataci\u00f3n P\u00fablica<\/td>\n<\/tr>\n<tr>\n<td>Ho Valdivieso, Ana Paola - Ingeniero<\/td>\n<td>Ingeniero Civil<\/td>\n<td>Contrataci\u00f3n P\u00fablica<\/td>\n<\/tr>\n<tr>\n<td>Jara Paucar, Cesar Antonio<\/td>\n<td>Ingeniero Civil<\/td>\n<td>Contrataci\u00f3n P\u00fablica<\/td>\n<\/tr>\n<tr>\n<td>Jaramillo Jim\u00e9nez, Jhon Brayan<\/td>\n<td>Ingeniero Civil<\/td>\n<td>Contrataci\u00f3n P\u00fablica<\/td>\n<\/tr>\n<tr>\n<td>Lescano Alb\u00e1n, Richard Rafael<\/td>\n<td>Ingeniero Civil<\/td>\n<td>Contrataci\u00f3n P\u00fablica<\/td>\n<\/tr>\n<tr>\n<td>Leveratto Landauro, Valeria<\/td>\n<td>Abogado<\/td>\n<td>Contrataciones del estado, arbitraje y derecho administrativo<\/td>\n<\/tr>\n<tr>\n<td>Mandujano Rubin, Jose Luis<\/td>\n<td>Abogado<\/td>\n<td>Contrataciones del estado, arbitraje y derecho administrativo<\/td>\n<\/tr>\n<tr>\n<td>Ortega Castre, Nicol\u00e1s<\/td>\n<td>Ingeniero Civil<\/td>\n<td>Contrataci\u00f3n P\u00fablica<\/td>\n<\/tr>\n<tr>\n<td>Paredes Silva, Edgar Alejandro<\/td>\n<td>Ingeniero Civil<\/td>\n<td>Contrataciones del estado, arbitraje y derecho administrativo<\/td>\n<\/tr>\n<tr>\n<td>Paz Ancajima, Marco Antonio<\/td>\n<td>Abogado<\/td>\n<td>Contrataciones del estado, arbitraje y derecho administrativo<\/td>\n<\/tr>\n<tr>\n<td>Pinto Escobedo, Juan Carlos<\/td>\n<td>Abogado<\/td>\n<td>Contrataciones del estado, arbitraje y derecho administrativo<\/td>\n<\/tr>\n<tr>\n<td>Puglianini Guerra, Luis<\/td>\n<td>Abogado<\/td>\n<td>Contrataciones del estado, arbitraje y derecho administrativo<\/td>\n<\/tr>\n<tr>\n<td>Ramirez Carrasco, Herver Joseth<\/td>\n<td>Ingeniero Civil<\/td>\n<td>Contrataci\u00f3n P\u00fablica<\/td>\n<\/tr>\n<tr>\n<td>Rivarola Rodriguez, Maria Elena<\/td>\n<td>Abogado<\/td>\n<td>Contrataciones del estado, arbitraje y derecho administrativo<\/td>\n<\/tr>\n<tr>\n<td>Rold\u00e1n Rodriguez, Dennis \u00cdtalo<\/td>\n<td>Abogado<\/td>\n<td>Contrataciones del estado, arbitraje y derecho administrativo<\/td>\n<\/tr>\n<tr>\n<td>Ruiz Jaramillo, Leidy Marinaela<\/td>\n<td>Arquitecta<\/td>\n<td>Contrataci\u00f3n P\u00fablica<\/td>\n<\/tr>\n<tr>\n<td>Saavedra Guerrero, Julio Cesar<\/td>\n<td>Ingeniero Civil<\/td>\n<td>Contrataci\u00f3n P\u00fablica<\/td>\n<\/tr>\n<tr>\n<td>Saavedra More, Mart\u00edn<\/td>\n<td>Ingeniero Civil<\/td>\n<td>Contrataci\u00f3n P\u00fablica<\/td>\n<\/tr>\n<tr>\n<td>Salda\u00f1a Robinson, Mauricio<\/td>\n<td>Ingeniero Mec\u00e1nico<\/td>\n<td>Contrataci\u00f3n P\u00fablica<\/td>\n<\/tr>\n<tr>\n<td>Sanchez Ramirez, Osman<\/td>\n<td>Ingeniero Civil<\/td>\n<td>Contrataci\u00f3n P\u00fablica<\/td>\n<\/tr>\n<tr>\n<td>Sanchez Ramirez, Paula Nicol<\/td>\n<td>Ingeniero Civil<\/td>\n<td>Contrataci\u00f3n P\u00fablica<\/td>\n<\/tr>\n<tr>\n<td>Schiappa - Pietra, Giorgio<\/td>\n<td>Abogado<\/td>\n<td>Contrataciones del estado, arbitraje y derecho administrativo<\/td>\n<\/tr>\n<tr>\n<td>Seminario Manrique, Ernesto<\/td>\n<td>Ingeniero Civil<\/td>\n<\/tr>\n<tr>\n<td>Solis Villanueva, Reiner Absal\u00f3n<\/td>\n<td>Ingeniero Electr\u00f3nico<\/td>\n<td>Contrataci\u00f3n P\u00fablica<\/td>\n<\/tr>\n<tr>\n<td>Sologuren Calmet, Hugo<\/td>\n<td>Abogado<\/td>\n<td>Contrataciones del estado, arbitraje y derecho administrativo<\/td>\n<\/tr>\n<tr>\n<td>Sosa Saavedra, Jose Armanda<\/td>\n<td>Ingeniero Civil<\/td>\n<td>Contrataci\u00f3n P\u00fablica<\/td>\n<\/tr>\n<tr>\n<td>Tafur S\u00e1nchez, Sergio Alberto<\/td>\n<td>Abogado<\/td>\n<td>Contrataciones del estado, arbitraje y derecho administrativo<\/td>\n<\/tr>\n<tr>\n<td>Tafur Santillan, Carlos<\/td>\n<td>Ingeniero Civil<\/td>\n<td>Contrataci\u00f3n P\u00fablica<\/td>\n<\/tr>\n<tr>\n<td>Torres Rivera, Hector<\/td>\n<td>Abogado<\/td>\n<td>Contrataciones del estado, arbitraje y derecho administrativo<\/td>\n<\/tr>\n<tr>\n<td>Torres Zavala, Carlos Ricardo<\/td>\n<td>Abogado<\/td>\n<td>Contrataciones del estado, arbitraje y derecho administrativo<\/td>\n<\/tr>\n<tr>\n<td>Trive\u00f1o Daza, Daniel<\/td>\n<td>Abogado<\/td>\n<td>Contrataciones del estado, arbitraje y derecho administrativo<\/td>\n<\/tr>\n<tr>\n<td>Valdivieso Cerna, Jashim<\/td>\n<td>Abogado<\/td>\n<td>Contrataciones del estado, arbitraje y derecho administrativo<\/td>\n<\/tr>\n<tr>\n<td>Valladares Garcia, Renan<\/td>\n<td>Ingeniero Civil<\/td>\n<td>Contrataci\u00f3n P\u00fablica<\/td>\n<\/tr>\n<tr>\n<td>Vega Palacios, Luis Fernando<\/td>\n<td>Ingeniero Civil<\/td>\n<td>Contrataci\u00f3n P\u00fablica<\/td>\n<\/tr>\n<tr>\n<td>V\u00e9lez Bardales, Julio C\u00e9sar<\/td>\n<td>Ingeniero Civil<\/td>\n<td>Contrataci\u00f3n P\u00fablica<\/td>\n<\/tr>\n<tr>\n<td>Vera Moreno, Rider<\/td>\n<td>Abogado<\/td>\n<td>Contrataciones del estado, arbitraje y derecho administrativo<\/td>\n<\/tr>\n<tr>\n<td>Vilchez Barreto, Luis<\/td>\n<td>Ingeniero Industrial<\/td>\n<td>Contrataci\u00f3n P\u00fablica<\/td>\n<\/tr>\n<tr>\n<td>Zambrano Linares, Arturo An\u00edbal<\/td>\n<td>Ingeniero Civil<\/td>\n<td>Contrataci\u00f3n P\u00fablica<\/td>\n<\/tr>\n<\/tbody>\n<\/table>                        <\/div>\n\n                    <\/div>\n\n                <\/div><!-- .elementskit-card END -->\n\n                                        <\/div>\n    <\/div>\t\t\t\t<\/div>\n\t\t\t\t<\/div>\n\t\t\t\t<\/div>\n\t\t\t\t\t<\/div>\n\t\t\t\t<\/div>\n\t\t<div class=\"elementor-element elementor-element-4ba1a98 e-flex e-con-boxed e-con e-parent\" data-id=\"4ba1a98\" data-element_type=\"container\">\n\t\t\t\t\t<div class=\"e-con-inner\">\n\t\t\t\t\t<\/div>\n\t\t\t\t<\/div>\n\t\t\t\t<\/div>\n\t\t","protected":false},"excerpt":{"rendered":"<p>La lista de adjudicadores presentada en esta secci\u00f3n estar\u00e1 vigente durante el periodo 2025 Informaci\u00f3n adicional: Si desea solicitar su incorporaci\u00f3n a la lista de \u00e1rbitros de CENARD Centro de Arbitraje para el periodo siguiente, debe comunicarlo a mesadepartes@cenardarbitraje.com Nomina de adjudicadores en materia de contrataci\u00f3n p\u00fablica &nbsp; APELLIDOS Y NOMBRES PROFESI\u00d3N ESPECIALIDAD Aguilar Torres, [&hellip;]<\/p>\n","protected":false},"author":1,"featured_media":0,"parent":0,"menu_order":0,"comment_status":"closed","ping_status":"closed","template":"","meta":{"footnotes":""},"class_list":["post-25785","page","type-page","status-publish","hentry"],"_hostinger_reach_plugin_has_subscription_block":false,"_hostinger_reach_plugin_is_elementor":false,"_links":{"self":[{"href":"https:\/\/cenardarbitraje.com\/web\/wp-json\/wp\/v2\/pages\/25785","targetHints":{"allow":["GET"]}}],"collection":[{"href":"https:\/\/cenardarbitraje.com\/web\/wp-json\/wp\/v2\/pages"}],"about":[{"href":"https:\/\/cenardarbitraje.com\/web\/wp-json\/wp\/v2\/types\/page"}],"author":[{"embeddable":true,"href":"https:\/\/cenardarbitraje.com\/web\/wp-json\/wp\/v2\/users\/1"}],"replies":[{"embeddable":true,"href":"https:\/\/cenardarbitraje.com\/web\/wp-json\/wp\/v2\/comments?post=25785"}],"version-history":[{"count":37,"href":"https:\/\/cenardarbitraje.com\/web\/wp-json\/wp\/v2\/pages\/25785\/revisions"}],"predecessor-version":[{"id":25982,"href":"https:\/\/cenardarbitraje.com\/web\/wp-json\/wp\/v2\/pages\/25785\/revisions\/25982"}],"wp:attachment":[{"href":"https:\/\/cenardarbitraje.com\/web\/wp-json\/wp\/v2\/media?parent=25785"}],"curies":[{"name":"wp","href":"https:\/\/api.w.org\/{rel}","templated":true}]}}