{"id":25758,"date":"2025-10-13T06:14:16","date_gmt":"2025-10-13T06:14:16","guid":{"rendered":"https:\/\/cenardarbitraje.com\/web\/?page_id=25758"},"modified":"2025-10-13T06:17:10","modified_gmt":"2025-10-13T06:17:10","slug":"organigrama","status":"publish","type":"page","link":"https:\/\/cenardarbitraje.com\/web\/organigrama\/","title":{"rendered":"Organigrama"},"content":{"rendered":"\t\t<div data-elementor-type=\"wp-page\" data-elementor-id=\"25758\" class=\"elementor elementor-25758\" data-elementor-post-type=\"page\">\n\t\t\t\t        <section class=\"elementor-section elementor-top-section elementor-element elementor-element-2a3136b4 elementor-section-boxed elementor-section-height-default elementor-section-height-default pxl-row-scroll-none pxl-zoom-point-false pxl-section-overflow-visible pxl-section-fix-none pxl-bg-color-none pxl-section-overlay-none\" data-id=\"2a3136b4\" data-element_type=\"section\" data-e-type=\"section\" data-settings=\"{&quot;background_background&quot;:&quot;classic&quot;}\">\n\n                \n                <div class=\"elementor-container elementor-column-gap-no \">\n                <div class=\"elementor-column elementor-col-100 elementor-top-column elementor-element elementor-element-734769d3 pxl-column-none pxl-column-overflow-hidden-no\" data-id=\"734769d3\" data-element_type=\"column\" data-e-type=\"column\">\r\n        <div class=\"elementor-widget-wrap elementor-element-populated\">\r\n                     \r\n                <section class=\"elementor-section elementor-inner-section elementor-element elementor-element-7c5ec2 elementor-section-content-middle elementor-section-boxed elementor-section-height-default elementor-section-height-default pxl-row-scroll-none pxl-zoom-point-false pxl-section-overflow-visible pxl-section-fix-none pxl-bg-color-none pxl-section-overlay-none\" data-id=\"7c5ec2\" data-element_type=\"section\" data-e-type=\"section\">\n\n                \n                <div class=\"elementor-container elementor-column-gap-no \">\n                <div class=\"elementor-column elementor-col-50 elementor-inner-column elementor-element elementor-element-26d9e46a pxl-column-none pxl-column-overflow-hidden-no elementor-invisible\" data-id=\"26d9e46a\" data-element_type=\"column\" data-e-type=\"column\" data-settings=\"{&quot;animation&quot;:&quot;fadeInLeft&quot;}\">\r\n        <div class=\"elementor-widget-wrap elementor-element-populated\">\r\n                     \r\n        \t\t<div class=\"elementor-element elementor-element-5d7707a6 elementor-widget elementor-widget-image\" data-id=\"5d7707a6\" data-element_type=\"widget\" data-e-type=\"widget\" data-widget_type=\"image.default\">\n\t\t\t\t<div class=\"elementor-widget-container\">\n\t\t\t\t\t\t\t\t\t\t\t\t\t\t\t<img fetchpriority=\"high\" decoding=\"async\" width=\"600\" height=\"600\" src=\"https:\/\/cenardarbitraje.com\/web\/wp-content\/uploads\/2025\/10\/Organigrama-600x600.png\" class=\"attachment-gurus-portfolio size-gurus-portfolio wp-image-25766\" alt=\"\" srcset=\"https:\/\/cenardarbitraje.com\/web\/wp-content\/uploads\/2025\/10\/Organigrama-600x600.png 600w, https:\/\/cenardarbitraje.com\/web\/wp-content\/uploads\/2025\/10\/Organigrama-300x300.png 300w, https:\/\/cenardarbitraje.com\/web\/wp-content\/uploads\/2025\/10\/Organigrama-150x150.png 150w, https:\/\/cenardarbitraje.com\/web\/wp-content\/uploads\/2025\/10\/Organigrama-768x768.png 768w, https:\/\/cenardarbitraje.com\/web\/wp-content\/uploads\/2025\/10\/Organigrama-710x710.png 710w, https:\/\/cenardarbitraje.com\/web\/wp-content\/uploads\/2025\/10\/Organigrama-50x50.png 50w, https:\/\/cenardarbitraje.com\/web\/wp-content\/uploads\/2025\/10\/Organigrama-100x100.png 100w, https:\/\/cenardarbitraje.com\/web\/wp-content\/uploads\/2025\/10\/Organigrama.png 1024w\" sizes=\"(max-width: 600px) 100vw, 600px\" \/>\t\t\t\t\t\t\t\t\t\t\t\t\t\t\t<\/div>\n\t\t\t\t<\/div>\n\t\t            <\/div>\r\n        <\/div>\r\n                <div class=\"elementor-column elementor-col-50 elementor-inner-column elementor-element elementor-element-2eb9b69c pxl-column-none pxl-column-overflow-hidden-no elementor-invisible\" data-id=\"2eb9b69c\" data-element_type=\"column\" data-e-type=\"column\" data-settings=\"{&quot;animation&quot;:&quot;fadeInRight&quot;}\">\r\n        <div class=\"elementor-widget-wrap elementor-element-populated\">\r\n                     \r\n        \t\t<div class=\"elementor-element elementor-element-3bdd3f7 elementor-widget elementor-widget-text-editor\" data-id=\"3bdd3f7\" data-element_type=\"widget\" data-e-type=\"widget\" data-widget_type=\"text-editor.default\">\n\t\t\t\t<div class=\"elementor-widget-container\">\n\t\t\t\t\t\t\t\t\t<div style=\"color: #000; text-align: justify; margin: 16px;\"><p style=\"margin: 0;\">El organigrama del <strong>CENARD Arbitraje<\/strong> muestra una estructura jer\u00e1rquica clara y formal. En la cima se ubica <strong>El Director<\/strong> como \u00d3rgano Directivo, responsable de la conducci\u00f3n institucional y de definir las directrices generales. En el nivel intermedio est\u00e1 <strong>El Alto Consejo<\/strong>, \u00d3rgano Decisorio que analiza, delibera y adopta resoluciones clave. En la base se encuentra <strong>La Secretar\u00eda General<\/strong>, \u00d3rgano de Gesti\u00f3n encargado de ejecutar las pol\u00edticas, coordinar la administraci\u00f3n y asegurar el funcionamiento operativo del centro.<\/p><\/div>\t\t\t\t\t\t\t\t<\/div>\n\t\t\t\t<\/div>\n\t\t            <\/div>\r\n        <\/div>\r\n        \t\t\t<\/div>\n\t\t<\/section>\n\t\t            <\/div>\r\n        <\/div>\r\n        \t\t\t<\/div>\n\t\t<\/section>\n\t\t\t\t<\/div>\n\t\t","protected":false},"excerpt":{"rendered":"<p>El organigrama del CENARD Arbitraje muestra una estructura jer\u00e1rquica clara y formal. En la cima se ubica El Director como \u00d3rgano Directivo, responsable de la conducci\u00f3n institucional y de definir las directrices generales. En el nivel intermedio est\u00e1 El Alto Consejo, \u00d3rgano Decisorio que analiza, delibera y adopta resoluciones clave. En la base se encuentra [&hellip;]<\/p>\n","protected":false},"author":1,"featured_media":0,"parent":0,"menu_order":0,"comment_status":"closed","ping_status":"closed","template":"elementor_header_footer","meta":{"footnotes":""},"class_list":["post-25758","page","type-page","status-publish","hentry"],"_hostinger_reach_plugin_has_subscription_block":false,"_hostinger_reach_plugin_is_elementor":false,"_links":{"self":[{"href":"https:\/\/cenardarbitraje.com\/web\/wp-json\/wp\/v2\/pages\/25758","targetHints":{"allow":["GET"]}}],"collection":[{"href":"https:\/\/cenardarbitraje.com\/web\/wp-json\/wp\/v2\/pages"}],"about":[{"href":"https:\/\/cenardarbitraje.com\/web\/wp-json\/wp\/v2\/types\/page"}],"author":[{"embeddable":true,"href":"https:\/\/cenardarbitraje.com\/web\/wp-json\/wp\/v2\/users\/1"}],"replies":[{"embeddable":true,"href":"https:\/\/cenardarbitraje.com\/web\/wp-json\/wp\/v2\/comments?post=25758"}],"version-history":[{"count":6,"href":"https:\/\/cenardarbitraje.com\/web\/wp-json\/wp\/v2\/pages\/25758\/revisions"}],"predecessor-version":[{"id":25772,"href":"https:\/\/cenardarbitraje.com\/web\/wp-json\/wp\/v2\/pages\/25758\/revisions\/25772"}],"wp:attachment":[{"href":"https:\/\/cenardarbitraje.com\/web\/wp-json\/wp\/v2\/media?parent=25758"}],"curies":[{"name":"wp","href":"https:\/\/api.w.org\/{rel}","templated":true}]}}