{"id":25654,"date":"2025-09-25T21:30:30","date_gmt":"2025-09-25T21:30:30","guid":{"rendered":"https:\/\/cenardarbitraje.com\/web\/?page_id=25654"},"modified":"2026-04-17T00:29:54","modified_gmt":"2026-04-17T00:29:54","slug":"secretaria-general","status":"publish","type":"page","link":"https:\/\/cenardarbitraje.com\/web\/secretaria-general\/","title":{"rendered":"Secretar\u00eda General"},"content":{"rendered":"\t\t<div data-elementor-type=\"wp-page\" data-elementor-id=\"25654\" class=\"elementor elementor-25654\" data-elementor-post-type=\"page\">\n\t\t\t\t        <section class=\"elementor-section elementor-top-section elementor-element elementor-element-16e3c9a8 elementor-section-stretched elementor-section-content-middle pxl-row-scroll-fixed elementor-section-boxed elementor-section-height-default elementor-section-height-default pxl-zoom-point-false pxl-section-overflow-visible pxl-section-fix-none pxl-bg-color-none pxl-section-overlay-none\" data-id=\"16e3c9a8\" data-element_type=\"section\" data-e-type=\"section\" data-settings=\"{&quot;stretch_section&quot;:&quot;section-stretched&quot;}\">\n\n                            <div class=\"elementor-background-overlay\"><\/div>\n            \n                <div class=\"elementor-container elementor-column-gap-extended \">\n                <div class=\"elementor-column elementor-col-100 elementor-top-column elementor-element elementor-element-3f5a9e4c pxl-column-none pxl-column-overflow-hidden-no\" data-id=\"3f5a9e4c\" data-element_type=\"column\" data-e-type=\"column\" data-settings=\"{&quot;background_background&quot;:&quot;classic&quot;}\">\r\n        <div class=\"elementor-widget-wrap elementor-element-populated\">\r\n                                <div class=\"elementor-background-overlay\"><\/div>\r\n         \r\n                <section class=\"elementor-section elementor-inner-section elementor-element elementor-element-78c5becc elementor-section-full_width elementor-section-height-default elementor-section-height-default pxl-row-scroll-none pxl-zoom-point-false pxl-section-overflow-visible pxl-section-fix-none pxl-full-content-with-space-none pxl-bg-color-none pxl-section-overlay-none\" data-id=\"78c5becc\" data-element_type=\"section\" data-e-type=\"section\">\n\n                \n                <div class=\"elementor-container elementor-column-gap-no \">\n                <div class=\"elementor-column elementor-col-50 elementor-inner-column elementor-element elementor-element-2ed65189 pxl-column-none pxl-column-overflow-hidden-no\" data-id=\"2ed65189\" data-element_type=\"column\" data-e-type=\"column\">\r\n        <div class=\"elementor-widget-wrap elementor-element-populated\">\r\n                     \r\n        \t\t<div class=\"elementor-element elementor-element-35e0ec8f elementor-widget elementor-widget-pxl_image\" data-id=\"35e0ec8f\" data-element_type=\"widget\" data-e-type=\"widget\" data-widget_type=\"pxl_image.default\">\n\t\t\t\t<div class=\"elementor-widget-container\">\n\t\t\t\t\t<div id=\"pxl_image-35e0ec8f-6757\"  class=\"pxl-image-single    \"  data-wow-delay=\"ms\" \r\n      \r\n          data-parallax-value = \"0\">\r\n    <div class=\"pxl-item--inner\" data-wow-delay=\"120ms\">\r\n                                    <div class=\"pxl-item--bg bg-image\" style=\"background-image: url(https:\/\/cenardarbitraje.com\/web\/wp-content\/uploads\/2025\/09\/WhatsApp-Image-2025-09-05-at-4.41.47-PM.jpeg);\"><\/div>\r\n                                                                    <\/div>\r\n<\/div>\r\n\t\t\t\t<\/div>\n\t\t\t\t<\/div>\n\t\t            <\/div>\r\n        <\/div>\r\n                <div class=\"elementor-column elementor-col-50 elementor-inner-column elementor-element elementor-element-49e8589f pxl-column-none pxl-column-overflow-hidden-no\" data-id=\"49e8589f\" data-element_type=\"column\" data-e-type=\"column\">\r\n        <div class=\"elementor-widget-wrap elementor-element-populated\">\r\n                     \r\n        \t\t<div class=\"elementor-element elementor-element-689bc40a elementor-widget__width-auto elementor-widget elementor-widget-pxl_heading\" data-id=\"689bc40a\" data-element_type=\"widget\" data-e-type=\"widget\" data-widget_type=\"pxl_heading.default\">\n\t\t\t\t<div class=\"elementor-widget-container\">\n\t\t\t\t\t\n<div id=\"pxl-pxl_heading-689bc40a-2417\" class=\"pxl-heading  pxl-subtitle-box-1\" >\n\t<div class=\"pxl-heading--container\" >\n\t\t<div class=\"pxl-heading--inner\">\n\t\t\t\t\t\t\t\t\t<h2 class=\"pxl-item--title pxl-heading-default  wow fadeInUp\" data-wow-delay=\"ms\">\n\t\t\t\t<p>Conoce a nuestro Secretario General<\/p>\n<br>\n            <span class=\"pxl-title--highlight\">\n                Dr. \u00c1ngel Alcal\u00e1 Contreras            <\/span>\n        \n\t\t\t\t\t\n\t\t\t\t\t\t\t<\/h2>\n\t\t<\/div>\n\t\t\n\t<\/div>\n<\/div>\n\t\t\t\t<\/div>\n\t\t\t\t<\/div>\n\t\t\t\t<div class=\"elementor-element elementor-element-2a436859 elementor-widget__width-inherit elementor-widget elementor-widget-pxl_text_editor\" data-id=\"2a436859\" data-element_type=\"widget\" data-e-type=\"widget\" data-widget_type=\"pxl_text_editor.default\">\n\t\t\t\t<div class=\"elementor-widget-container\">\n\t\t\t\t\t<div class=\"pxl-text-editor\">\n\t<div class=\"pxl-item--inner    \" data-wow-delay=\"ms\">\n\t\t<p>Abogado egresado por la Pontificia Universidad Cat\u00f3lica del Per\u00fa. Con m\u00e1s de 20 a\u00f1os de experiencia en el mercado arbitral y corporativo.<\/p>\t\t\n\t<\/div>\n<\/div>\t\t\t\t<\/div>\n\t\t\t\t<\/div>\n\t\t            <\/div>\r\n        <\/div>\r\n        \t\t\t<\/div>\n\t\t<\/section>\n\t\t\t\t<div class=\"elementor-element elementor-element-5c199370 elementor-widget__width-inherit elementor-absolute elementor-widget elementor-widget-pxl_image\" data-id=\"5c199370\" data-element_type=\"widget\" data-e-type=\"widget\" data-settings=\"{&quot;_position&quot;:&quot;absolute&quot;}\" data-widget_type=\"pxl_image.default\">\n\t\t\t\t<div class=\"elementor-widget-container\">\n\t\t\t\t\t<div id=\"pxl_image-5c199370-7940\"  class=\"pxl-image-single    \"  data-wow-delay=\"ms\" \r\n      \r\n          data-parallax-value = \"0\">\r\n    <div class=\"pxl-item--inner\" data-wow-delay=\"120ms\">\r\n                                    <div class=\"pxl-item--bg bg-image\" style=\"background-image: url(https:\/\/cenardarbitraje.com\/web\/wp-content\/uploads\/2024\/04\/bg-we-choose-us-1.jpg);\"><\/div>\r\n                        <div class=\"pxl-overlay-color\"><\/div>                                            <\/div>\r\n<\/div>\r\n\t\t\t\t<\/div>\n\t\t\t\t<\/div>\n\t\t            <\/div>\r\n        <\/div>\r\n        \t\t\t<\/div>\n\t\t<\/section>\n\t\t        <section class=\"elementor-section elementor-top-section elementor-element elementor-element-72f865e8 elementor-section-stretched elementor-section-boxed elementor-section-height-default elementor-section-height-default pxl-row-scroll-none pxl-zoom-point-false pxl-section-overflow-visible pxl-section-fix-none pxl-bg-color-none pxl-section-overlay-none\" data-id=\"72f865e8\" data-element_type=\"section\" data-e-type=\"section\" data-settings=\"{&quot;stretch_section&quot;:&quot;section-stretched&quot;,&quot;background_background&quot;:&quot;classic&quot;}\">\n\n                \n                <div class=\"elementor-container elementor-column-gap-extended \">\n                <div class=\"elementor-column elementor-col-100 elementor-top-column elementor-element elementor-element-401d3ed1 pxl-column-offset-right pxl-container-width-1400 pxl-column-none pxl-column-overflow-hidden-no\" data-id=\"401d3ed1\" data-element_type=\"column\" data-e-type=\"column\">\r\n        <div class=\"elementor-widget-wrap elementor-element-populated\">\r\n                     \r\n        \t\t<div class=\"elementor-element elementor-element-4c71cb1f elementor-widget__width-auto elementor-invisible elementor-widget elementor-widget-pxl_arrow_carousel\" data-id=\"4c71cb1f\" data-element_type=\"widget\" data-e-type=\"widget\" data-settings=\"{&quot;_animation&quot;:&quot;fadeInUp&quot;}\" data-widget_type=\"pxl_arrow_carousel.default\">\n\t\t\t\t<div class=\"elementor-widget-container\">\n\t\t\t\t\t\r\n<div class=\"pxl-navigation-carousel default default wow fadeInUp\" data-wow-delay=\"ms\">\r\n    <div class=\"pxl-nav--inner pxl-swiper-arrow-wrap\">\r\n        <div class=\"pxl-navigation-arrow pxl-navigation-arrow-prev pxl-arrow--prev\"><i class=\"flaticon flaticon-arrow-right\"><\/i><\/div>\r\n        <div class=\"pxl-navigation-arrow pxl-navigation-arrow-next pxl-arrow--next\"><i class=\"flaticon flaticon-arrow-right\"><\/i><\/div>\r\n    <\/div>\r\n<\/div>\t\t\t\t<\/div>\n\t\t\t\t<\/div>\n\t\t\t\t<div class=\"elementor-element elementor-element-6e184722 elementor-widget__width-initial elementor-widget-laptop__width-inherit elementor-widget elementor-widget-pxl_icon_box_carousel\" data-id=\"6e184722\" data-element_type=\"widget\" data-e-type=\"widget\" data-widget_type=\"pxl_icon_box_carousel.default\">\n\t\t\t\t<div class=\"elementor-widget-container\">\n\t\t\t\t\t\r\n    <div class=\"pxl-swiper-slider pxl-iconbox-carousel pxl-layout-carousel1 \">\r\n        <div class=\"pxl-carousel-inner\">\r\n            <div class=\"pxl-swiper-container\" dir=\"ltr\" data-settings=\"{&quot;slide_direction&quot;:&quot;horizontal&quot;,&quot;slide_percolumn&quot;:1,&quot;slide_percolumnfill&quot;:1,&quot;slide_mode&quot;:&quot;slide&quot;,&quot;slides_to_show&quot;:3,&quot;slides_to_show_xxl&quot;:3,&quot;slides_to_show_lg&quot;:3,&quot;slides_to_show_md&quot;:2,&quot;slides_to_show_sm&quot;:2,&quot;slides_to_show_xs&quot;:1,&quot;slides_to_scroll&quot;:1,&quot;slides_gutter&quot;:30,&quot;arrow&quot;:false,&quot;pagination&quot;:false,&quot;pagination_type&quot;:&quot;bullets&quot;,&quot;autoplay&quot;:false,&quot;pause_on_hover&quot;:false,&quot;pause_on_interaction&quot;:true,&quot;delay&quot;:5000,&quot;loop&quot;:true,&quot;speed&quot;:500}\">\r\n                <div class=\"pxl-swiper-wrapper\">\r\n                                            <div class=\"pxl-swiper-slide\">\r\n                            <div class=\"pxl-item--inner \" data-wow-delay=\"ms\">\r\n                                <!-- Show icon -->\r\n                                                                                                <!-- Link -->\r\n                                                                <!-- Content -->\r\n                                <div class=\"pxl-item--holder\">\r\n                                    <h4 class=\"pxl-item--title pxl-white el-empty\">Amplia Experiencia en Arbitraje y Contrataciones P\u00fablicas<\/h4>\r\n                                    <div class=\"pxl-item--desc pxl-white pxl-p3 el-empty\">Ha sido designado \u00e1rbitro en procesos relacionados con contrataciones del Estado, y cuenta con extensa experiencia representando tanto a entidades p\u00fablicas como a empresas privadas en procesos arbitrales.<\/div>\r\n                                    <div class=\"pxl-icon--hover\">\r\n                                        <svg class=\"icon-main\" xmlns=\"http:\/\/www.w3.org\/2000\/svg\" width=\"32\" height=\"32\" viewBox=\"0 0 32 32\" fill=\"none\">\r\n                                            <rect width=\"32\" height=\"1\" fill=\"white\"\/>\r\n                                            <rect x=\"31\" y=\"32\" width=\"32\" height=\"1\" transform=\"rotate(-90 31 32)\" fill=\"white\"\/>\r\n                                            <path d=\"M2 31L31.5 0.5\" stroke=\"white\"\/>\r\n                                        <\/svg>\r\n                                        <svg class=\"icon-copy\" xmlns=\"http:\/\/www.w3.org\/2000\/svg\" width=\"32\" height=\"32\" viewBox=\"0 0 32 32\" fill=\"none\">\r\n                                            <rect width=\"32\" height=\"1\" fill=\"#223035\"\/>\r\n                                            <rect x=\"31\" y=\"32\" width=\"32\" height=\"1\" transform=\"rotate(-90 31 32)\" fill=\"#223035\"\/>\r\n                                            <path d=\"M2 31L31.5 0.5\" stroke=\"#223035\"\/>\r\n                                        <\/svg>\r\n                                    <\/div>\r\n                                <\/div>\r\n                           <\/div>\r\n                        <\/div>\r\n                                            <div class=\"pxl-swiper-slide\">\r\n                            <div class=\"pxl-item--inner \" data-wow-delay=\"ms\">\r\n                                <!-- Show icon -->\r\n                                                                                                <!-- Link -->\r\n                                                                <!-- Content -->\r\n                                <div class=\"pxl-item--holder\">\r\n                                    <h4 class=\"pxl-item--title pxl-white el-empty\">Formaci\u00f3n Acad\u00e9mica Especializada<\/h4>\r\n                                    <div class=\"pxl-item--desc pxl-white pxl-p3 el-empty\">Es abogado titulado por la Pontificia Universidad Cat\u00f3lica del Per\u00fa, con estudios de especializaci\u00f3n en tutela jurisdiccional, debido proceso civil, arbitraje y contrataciones del Estado.<\/div>\r\n                                    <div class=\"pxl-icon--hover\">\r\n                                        <svg class=\"icon-main\" xmlns=\"http:\/\/www.w3.org\/2000\/svg\" width=\"32\" height=\"32\" viewBox=\"0 0 32 32\" fill=\"none\">\r\n                                            <rect width=\"32\" height=\"1\" fill=\"white\"\/>\r\n                                            <rect x=\"31\" y=\"32\" width=\"32\" height=\"1\" transform=\"rotate(-90 31 32)\" fill=\"white\"\/>\r\n                                            <path d=\"M2 31L31.5 0.5\" stroke=\"white\"\/>\r\n                                        <\/svg>\r\n                                        <svg class=\"icon-copy\" xmlns=\"http:\/\/www.w3.org\/2000\/svg\" width=\"32\" height=\"32\" viewBox=\"0 0 32 32\" fill=\"none\">\r\n                                            <rect width=\"32\" height=\"1\" fill=\"#223035\"\/>\r\n                                            <rect x=\"31\" y=\"32\" width=\"32\" height=\"1\" transform=\"rotate(-90 31 32)\" fill=\"#223035\"\/>\r\n                                            <path d=\"M2 31L31.5 0.5\" stroke=\"#223035\"\/>\r\n                                        <\/svg>\r\n                                    <\/div>\r\n                                <\/div>\r\n                           <\/div>\r\n                        <\/div>\r\n                                            <div class=\"pxl-swiper-slide\">\r\n                            <div class=\"pxl-item--inner \" data-wow-delay=\"ms\">\r\n                                <!-- Show icon -->\r\n                                                                                                <!-- Link -->\r\n                                                                <!-- Content -->\r\n                                <div class=\"pxl-item--holder\">\r\n                                    <h4 class=\"pxl-item--title pxl-white el-empty\">Liderazgo y Direcci\u00f3n Jur\u00eddica<\/h4>\r\n                                    <div class=\"pxl-item--desc pxl-white pxl-p3 el-empty\">Actualmente dirige las \u00e1reas de Derecho Administrativo, Laboral y Procesal Civil en el Estudio Melo \u2013 Vega & Costa Abogados, mostrando capacidad de liderazgo y gesti\u00f3n jur\u00eddica estrat\u00e9gica.<\/div>\r\n                                    <div class=\"pxl-icon--hover\">\r\n                                        <svg class=\"icon-main\" xmlns=\"http:\/\/www.w3.org\/2000\/svg\" width=\"32\" height=\"32\" viewBox=\"0 0 32 32\" fill=\"none\">\r\n                                            <rect width=\"32\" height=\"1\" fill=\"white\"\/>\r\n                                            <rect x=\"31\" y=\"32\" width=\"32\" height=\"1\" transform=\"rotate(-90 31 32)\" fill=\"white\"\/>\r\n                                            <path d=\"M2 31L31.5 0.5\" stroke=\"white\"\/>\r\n                                        <\/svg>\r\n                                        <svg class=\"icon-copy\" xmlns=\"http:\/\/www.w3.org\/2000\/svg\" width=\"32\" height=\"32\" viewBox=\"0 0 32 32\" fill=\"none\">\r\n                                            <rect width=\"32\" height=\"1\" fill=\"#223035\"\/>\r\n                                            <rect x=\"31\" y=\"32\" width=\"32\" height=\"1\" transform=\"rotate(-90 31 32)\" fill=\"#223035\"\/>\r\n                                            <path d=\"M2 31L31.5 0.5\" stroke=\"#223035\"\/>\r\n                                        <\/svg>\r\n                                    <\/div>\r\n                                <\/div>\r\n                           <\/div>\r\n                        <\/div>\r\n                                            <div class=\"pxl-swiper-slide\">\r\n                            <div class=\"pxl-item--inner \" data-wow-delay=\"ms\">\r\n                                <!-- Show icon -->\r\n                                                                                                <!-- Link -->\r\n                                                                <!-- Content -->\r\n                                <div class=\"pxl-item--holder\">\r\n                                    <h4 class=\"pxl-item--title pxl-white el-empty\">Asesor\u00eda a Empresas en Diversos Sectores<\/h4>\r\n                                    <div class=\"pxl-item--desc pxl-white pxl-p3 el-empty\">Ha brindado servicios legales especializados a empresas nacionales e internacionales en sectores como farmac\u00e9utico, retail e industrial, incluyendo asesor\u00eda en temas de seguridad, salud ocupacional y medio ambiente.<\/div>\r\n                                    <div class=\"pxl-icon--hover\">\r\n                                        <svg class=\"icon-main\" xmlns=\"http:\/\/www.w3.org\/2000\/svg\" width=\"32\" height=\"32\" viewBox=\"0 0 32 32\" fill=\"none\">\r\n                                            <rect width=\"32\" height=\"1\" fill=\"white\"\/>\r\n                                            <rect x=\"31\" y=\"32\" width=\"32\" height=\"1\" transform=\"rotate(-90 31 32)\" fill=\"white\"\/>\r\n                                            <path d=\"M2 31L31.5 0.5\" stroke=\"white\"\/>\r\n                                        <\/svg>\r\n                                        <svg class=\"icon-copy\" xmlns=\"http:\/\/www.w3.org\/2000\/svg\" width=\"32\" height=\"32\" viewBox=\"0 0 32 32\" fill=\"none\">\r\n                                            <rect width=\"32\" height=\"1\" fill=\"#223035\"\/>\r\n                                            <rect x=\"31\" y=\"32\" width=\"32\" height=\"1\" transform=\"rotate(-90 31 32)\" fill=\"#223035\"\/>\r\n                                            <path d=\"M2 31L31.5 0.5\" stroke=\"#223035\"\/>\r\n                                        <\/svg>\r\n                                    <\/div>\r\n                                <\/div>\r\n                           <\/div>\r\n                        <\/div>\r\n                                            <div class=\"pxl-swiper-slide\">\r\n                            <div class=\"pxl-item--inner \" data-wow-delay=\"ms\">\r\n                                <!-- Show icon -->\r\n                                                                                                <!-- Link -->\r\n                                                                <!-- Content -->\r\n                                <div class=\"pxl-item--holder\">\r\n                                    <h4 class=\"pxl-item--title pxl-white el-empty\">Amplia Experiencia Profesional:<\/h4>\r\n                                    <div class=\"pxl-item--desc pxl-white pxl-p3 el-empty\">Ha trabajado en el estudio \u201cMelo \u2013 Vega & Costa Abogados\u201d desde 1996, liderando las \u00e1reas de Derecho Administrativo, Laboral y Procesal Civil. Tambi\u00e9n tiene experiencia previa como superintendente y asesor en empresas privadas en Venezuela.<\/div>\r\n                                    <div class=\"pxl-icon--hover\">\r\n                                        <svg class=\"icon-main\" xmlns=\"http:\/\/www.w3.org\/2000\/svg\" width=\"32\" height=\"32\" viewBox=\"0 0 32 32\" fill=\"none\">\r\n                                            <rect width=\"32\" height=\"1\" fill=\"white\"\/>\r\n                                            <rect x=\"31\" y=\"32\" width=\"32\" height=\"1\" transform=\"rotate(-90 31 32)\" fill=\"white\"\/>\r\n                                            <path d=\"M2 31L31.5 0.5\" stroke=\"white\"\/>\r\n                                        <\/svg>\r\n                                        <svg class=\"icon-copy\" xmlns=\"http:\/\/www.w3.org\/2000\/svg\" width=\"32\" height=\"32\" viewBox=\"0 0 32 32\" fill=\"none\">\r\n                                            <rect width=\"32\" height=\"1\" fill=\"#223035\"\/>\r\n                                            <rect x=\"31\" y=\"32\" width=\"32\" height=\"1\" transform=\"rotate(-90 31 32)\" fill=\"#223035\"\/>\r\n                                            <path d=\"M2 31L31.5 0.5\" stroke=\"#223035\"\/>\r\n                                        <\/svg>\r\n                                    <\/div>\r\n                                <\/div>\r\n                           <\/div>\r\n                        <\/div>\r\n                                    <\/div>\r\n            <\/div>\r\n\r\n        <\/div>\r\n        \r\n        \r\n                \r\n    <\/div>\r\n\t\t\t\t<\/div>\n\t\t\t\t<\/div>\n\t\t            <\/div>\r\n        <\/div>\r\n        \t\t\t<\/div>\n\t\t<\/section>\n\t\t<div class=\"elementor-element elementor-element-c18e43a e-flex e-con-boxed e-con e-parent \" data-id=\"c18e43a\" data-element_type=\"container\" data-e-type=\"container\">\t\t\t<div class=\"e-con-inner\">\r\n\t\t<div class=\"elementor-element elementor-element-9f8bb22 e-con-full e-flex e-con e-child \" data-id=\"9f8bb22\" data-element_type=\"container\" data-e-type=\"container\">\t\t<div class=\"elementor-element elementor-element-6f364ff elementor-widget elementor-widget-image\" data-id=\"6f364ff\" data-element_type=\"widget\" data-e-type=\"widget\" data-widget_type=\"image.default\">\n\t\t\t\t<div class=\"elementor-widget-container\">\n\t\t\t\t\t\t\t\t\t\t\t\t\t\t\t<img fetchpriority=\"high\" decoding=\"async\" width=\"1024\" height=\"576\" src=\"https:\/\/cenardarbitraje.com\/web\/wp-content\/uploads\/2025\/10\/arbitraje-en-Peru-e1634362203161-1280x720-1-1024x576.jpg\" class=\"attachment-large size-large wp-image-25725\" alt=\"\" srcset=\"https:\/\/cenardarbitraje.com\/web\/wp-content\/uploads\/2025\/10\/arbitraje-en-Peru-e1634362203161-1280x720-1-1024x576.jpg 1024w, https:\/\/cenardarbitraje.com\/web\/wp-content\/uploads\/2025\/10\/arbitraje-en-Peru-e1634362203161-1280x720-1-300x169.jpg 300w, https:\/\/cenardarbitraje.com\/web\/wp-content\/uploads\/2025\/10\/arbitraje-en-Peru-e1634362203161-1280x720-1-768x432.jpg 768w, https:\/\/cenardarbitraje.com\/web\/wp-content\/uploads\/2025\/10\/arbitraje-en-Peru-e1634362203161-1280x720-1-1170x658.jpg 1170w, https:\/\/cenardarbitraje.com\/web\/wp-content\/uploads\/2025\/10\/arbitraje-en-Peru-e1634362203161-1280x720-1-600x338.jpg 600w, https:\/\/cenardarbitraje.com\/web\/wp-content\/uploads\/2025\/10\/arbitraje-en-Peru-e1634362203161-1280x720-1.jpg 1280w\" sizes=\"(max-width: 1024px) 100vw, 1024px\" \/>\t\t\t\t\t\t\t\t\t\t\t\t\t\t\t<\/div>\n\t\t\t\t<\/div>\n\t\t\t\t<\/div>\r\n\t\t<div class=\"elementor-element elementor-element-60ece47 e-con-full e-flex e-con e-child \" data-id=\"60ece47\" data-element_type=\"container\" data-e-type=\"container\">\t\t<div class=\"elementor-element elementor-element-9d2fa98 eael-team-align-eael-team-align-default elementor-widget elementor-widget-eael-team-member\" data-id=\"9d2fa98\" data-element_type=\"widget\" data-e-type=\"widget\" data-widget_type=\"eael-team-member.default\">\n\t\t\t\t<div class=\"elementor-widget-container\">\n\t\t\t\t\t\n\n\t<div id=\"eael-team-member-9d2fa98\" class=\"eael-team-item eael-team-members-simple \">\n\t\t<div class=\"eael-team-item-inner\">\n\t\t\t<div class=\"eael-team-image\">\n\t\t\t\t<figure>\n\t\t\t\t\t\t\t\t\t<\/figure>\n\t\t\t\t\n\t\t\t\t\n\t\t\t<\/div>\n\n\t\t\t<div class=\"eael-team-content\">\n\t\t\t\t<h2 class=\"eael-team-member-name\">Elizabeth Pereira Samanez<\/h2><h3 class=\"eael-team-member-position\">Secretaria arbitral \/ t\u00e9cnica<\/h3>\n\t\t\t\t\t\t\t\t\t\t\t\t\t\t\t<ul class=\"eael-team-member-social-profiles\">\n\t\t\t\t\t\t\t\t\t\t\t\t\t<\/ul>\n\t\t\t\t\t\t\t\t\t\t<p class=\"eael-team-text\"><\/p>\n\t\t\t\t\t\t\t<\/div>\n\t\t<\/div>\n\t<\/div>\n\t\t\t\t\t<\/div>\n\t\t\t\t<\/div>\n\t\t\t\t<\/div>\r\n\t\t\t\t\t<\/div>\r\n\t\t\t\t<\/div>\r\n\t\t\t\t<\/div>\n\t\t","protected":false},"excerpt":{"rendered":"<p>Conoce a nuestro Secretario General Dr. \u00c1ngel Alcal\u00e1 Contreras Abogado egresado por la Pontificia Universidad Cat\u00f3lica del Per\u00fa. Con m\u00e1s de 20 a\u00f1os de experiencia en el mercado arbitral y corporativo. Amplia Experiencia en Arbitraje y Contrataciones P\u00fablicas Ha sido designado \u00e1rbitro en procesos relacionados con contrataciones del Estado, y cuenta con extensa experiencia representando [&hellip;]<\/p>\n","protected":false},"author":1,"featured_media":0,"parent":0,"menu_order":0,"comment_status":"closed","ping_status":"closed","template":"","meta":{"footnotes":""},"class_list":["post-25654","page","type-page","status-publish","hentry"],"_hostinger_reach_plugin_has_subscription_block":false,"_hostinger_reach_plugin_is_elementor":false,"_links":{"self":[{"href":"https:\/\/cenardarbitraje.com\/web\/wp-json\/wp\/v2\/pages\/25654","targetHints":{"allow":["GET"]}}],"collection":[{"href":"https:\/\/cenardarbitraje.com\/web\/wp-json\/wp\/v2\/pages"}],"about":[{"href":"https:\/\/cenardarbitraje.com\/web\/wp-json\/wp\/v2\/types\/page"}],"author":[{"embeddable":true,"href":"https:\/\/cenardarbitraje.com\/web\/wp-json\/wp\/v2\/users\/1"}],"replies":[{"embeddable":true,"href":"https:\/\/cenardarbitraje.com\/web\/wp-json\/wp\/v2\/comments?post=25654"}],"version-history":[{"count":13,"href":"https:\/\/cenardarbitraje.com\/web\/wp-json\/wp\/v2\/pages\/25654\/revisions"}],"predecessor-version":[{"id":26007,"href":"https:\/\/cenardarbitraje.com\/web\/wp-json\/wp\/v2\/pages\/25654\/revisions\/26007"}],"wp:attachment":[{"href":"https:\/\/cenardarbitraje.com\/web\/wp-json\/wp\/v2\/media?parent=25654"}],"curies":[{"name":"wp","href":"https:\/\/api.w.org\/{rel}","templated":true}]}}