{"id":25482,"date":"2025-09-03T22:28:59","date_gmt":"2025-09-03T22:28:59","guid":{"rendered":"https:\/\/cenardarbitraje.com\/web\/?page_id=25482"},"modified":"2025-11-17T15:15:42","modified_gmt":"2025-11-17T15:15:42","slug":"jprd","status":"publish","type":"page","link":"https:\/\/cenardarbitraje.com\/web\/jprd\/","title":{"rendered":"JPRD"},"content":{"rendered":"\t\t<div data-elementor-type=\"wp-page\" data-elementor-id=\"25482\" class=\"elementor elementor-25482\" data-elementor-post-type=\"page\">\n\t\t\t\t        <section class=\"elementor-section elementor-top-section elementor-element elementor-element-765d1454 elementor-section-full_width elementor-section-height-default elementor-section-height-default pxl-row-scroll-none pxl-zoom-point-false pxl-section-overflow-visible pxl-section-fix-none pxl-full-content-with-space-none pxl-bg-color-none pxl-section-overlay-none\" data-id=\"765d1454\" data-element_type=\"section\" data-settings=\"{&quot;background_background&quot;:&quot;classic&quot;}\">\n\n                            <div class=\"elementor-background-overlay\"><\/div>\n            \n                <div class=\"elementor-container elementor-column-gap-default \">\n                <div class=\"elementor-column elementor-col-100 elementor-top-column elementor-element elementor-element-2a87ba7 pxl-column-none pxl-column-overflow-hidden-no\" data-id=\"2a87ba7\" data-element_type=\"column\" data-settings=\"{&quot;background_background&quot;:&quot;classic&quot;}\">\r\n        <div class=\"elementor-widget-wrap elementor-element-populated\">\r\n                     \r\n                <section class=\"elementor-section elementor-inner-section elementor-element elementor-element-28af928c elementor-section-boxed elementor-section-height-default elementor-section-height-default pxl-row-scroll-none pxl-zoom-point-false pxl-section-overflow-visible pxl-section-fix-none pxl-bg-color-none pxl-section-overlay-none\" data-id=\"28af928c\" data-element_type=\"section\">\n\n                \n                <div class=\"elementor-container elementor-column-gap-default \">\n                <div class=\"elementor-column elementor-col-50 elementor-inner-column elementor-element elementor-element-785c6ecd pxl-column-none pxl-column-overflow-hidden-no\" data-id=\"785c6ecd\" data-element_type=\"column\" data-settings=\"{&quot;background_background&quot;:&quot;classic&quot;}\">\r\n        <div class=\"elementor-widget-wrap elementor-element-populated\">\r\n                                <div class=\"elementor-background-overlay\"><\/div>\r\n         \r\n        \t\t<div class=\"elementor-element elementor-element-57026bdb elementor-view-stacked elementor-shape-circle elementor-invisible elementor-widget elementor-widget-icon\" data-id=\"57026bdb\" data-element_type=\"widget\" data-settings=\"{&quot;_animation&quot;:&quot;fadeInUp&quot;}\" data-widget_type=\"icon.default\">\n\t\t\t\t<div class=\"elementor-widget-container\">\n\t\t\t\t\t\t\t<div class=\"elementor-icon-wrapper\">\n\t\t\t<div class=\"elementor-icon\">\n\t\t\t<i aria-hidden=\"true\" class=\"icon icon-calculator2\"><\/i>\t\t\t<\/div>\n\t\t<\/div>\n\t\t\t\t\t\t<\/div>\n\t\t\t\t<\/div>\n\t\t\t\t<div class=\"elementor-element elementor-element-49db9f22 elementor-widget-divider--view-line elementor-widget elementor-widget-divider\" data-id=\"49db9f22\" data-element_type=\"widget\" data-widget_type=\"divider.default\">\n\t\t\t\t<div class=\"elementor-widget-container\">\n\t\t\t\t\t\t\t<div class=\"elementor-divider\">\n\t\t\t<span class=\"elementor-divider-separator\">\n\t\t\t\t\t\t<\/span>\n\t\t<\/div>\n\t\t\t\t\t\t<\/div>\n\t\t\t\t<\/div>\n\t\t\t\t<div class=\"elementor-element elementor-element-7a28e3d elementor-widget elementor-widget-heading\" data-id=\"7a28e3d\" data-element_type=\"widget\" data-widget_type=\"heading.default\">\n\t\t\t\t<div class=\"elementor-widget-container\">\n\t\t\t\t\t<h3 class=\"elementor-heading-title elementor-size-default\">Calculo de Tarifas<\/h3>\t\t\t\t<\/div>\n\t\t\t\t<\/div>\n\t\t\t\t<div class=\"elementor-element elementor-element-dcbded4 elementor-widget elementor-widget-spacer\" data-id=\"dcbded4\" data-element_type=\"widget\" data-widget_type=\"spacer.default\">\n\t\t\t\t<div class=\"elementor-widget-container\">\n\t\t\t\t\t\t\t<div class=\"elementor-spacer\">\n\t\t\t<div class=\"elementor-spacer-inner\"><\/div>\n\t\t<\/div>\n\t\t\t\t\t\t<\/div>\n\t\t\t\t<\/div>\n\t\t\t\t<div class=\"elementor-element elementor-element-40b326d elementor-align-center elementor-tablet-align-center elementor-widget elementor-widget-button\" data-id=\"40b326d\" data-element_type=\"widget\" data-widget_type=\"button.default\">\n\t\t\t\t<div class=\"elementor-widget-container\">\n\t\t\t\t\t\t\t\t\t<div class=\"elementor-button-wrapper\">\n\t\t\t\t\t<a class=\"elementor-button elementor-button-link elementor-size-sm\" href=\"https:\/\/cenardarbitraje.com\/web\/calculadora\/\" target=\"_blank\">\n\t\t\t\t\t\t<span class=\"elementor-button-content-wrapper\">\n\t\t\t\t\t\t\t\t\t<span class=\"elementor-button-text\">Ingresar<\/span>\n\t\t\t\t\t<\/span>\n\t\t\t\t\t<\/a>\n\t\t\t\t<\/div>\n\t\t\t\t\t\t\t\t<\/div>\n\t\t\t\t<\/div>\n\t\t            <\/div>\r\n        <\/div>\r\n                <div class=\"elementor-column elementor-col-50 elementor-inner-column elementor-element elementor-element-07dcc00 pxl-column-none pxl-column-overflow-hidden-no\" data-id=\"07dcc00\" data-element_type=\"column\" data-settings=\"{&quot;background_background&quot;:&quot;classic&quot;}\">\r\n        <div class=\"elementor-widget-wrap elementor-element-populated\">\r\n                                <div class=\"elementor-background-overlay\"><\/div>\r\n         \r\n        \t\t<div class=\"elementor-element elementor-element-0e4988a elementor-view-stacked elementor-shape-circle elementor-invisible elementor-widget elementor-widget-icon\" data-id=\"0e4988a\" data-element_type=\"widget\" data-settings=\"{&quot;_animation&quot;:&quot;fadeInUp&quot;}\" data-widget_type=\"icon.default\">\n\t\t\t\t<div class=\"elementor-widget-container\">\n\t\t\t\t\t\t\t<div class=\"elementor-icon-wrapper\">\n\t\t\t<div class=\"elementor-icon\">\n\t\t\t<i aria-hidden=\"true\" class=\"icon icon-Computer\"><\/i>\t\t\t<\/div>\n\t\t<\/div>\n\t\t\t\t\t\t<\/div>\n\t\t\t\t<\/div>\n\t\t\t\t<div class=\"elementor-element elementor-element-787f10a elementor-widget-divider--view-line elementor-widget elementor-widget-divider\" data-id=\"787f10a\" data-element_type=\"widget\" data-widget_type=\"divider.default\">\n\t\t\t\t<div class=\"elementor-widget-container\">\n\t\t\t\t\t\t\t<div class=\"elementor-divider\">\n\t\t\t<span class=\"elementor-divider-separator\">\n\t\t\t\t\t\t<\/span>\n\t\t<\/div>\n\t\t\t\t\t\t<\/div>\n\t\t\t\t<\/div>\n\t\t\t\t<div class=\"elementor-element elementor-element-d47d867 elementor-widget elementor-widget-spacer\" data-id=\"d47d867\" data-element_type=\"widget\" data-widget_type=\"spacer.default\">\n\t\t\t\t<div class=\"elementor-widget-container\">\n\t\t\t\t\t\t\t<div class=\"elementor-spacer\">\n\t\t\t<div class=\"elementor-spacer-inner\"><\/div>\n\t\t<\/div>\n\t\t\t\t\t\t<\/div>\n\t\t\t\t<\/div>\n\t\t\t\t<div class=\"elementor-element elementor-element-606dbe7 elementor-widget elementor-widget-heading\" data-id=\"606dbe7\" data-element_type=\"widget\" data-widget_type=\"heading.default\">\n\t\t\t\t<div class=\"elementor-widget-container\">\n\t\t\t\t\t<h3 class=\"elementor-heading-title elementor-size-default\">Portal - Atenea<\/h3>\t\t\t\t<\/div>\n\t\t\t\t<\/div>\n\t\t\t\t<div class=\"elementor-element elementor-element-fd49969 elementor-align-center elementor-tablet-align-center elementor-widget elementor-widget-button\" data-id=\"fd49969\" data-element_type=\"widget\" data-widget_type=\"button.default\">\n\t\t\t\t<div class=\"elementor-widget-container\">\n\t\t\t\t\t\t\t\t\t<div class=\"elementor-button-wrapper\">\n\t\t\t\t\t<a class=\"elementor-button elementor-button-link elementor-size-sm\" href=\"https:\/\/sistema.cenardarbitraje.com\/login\">\n\t\t\t\t\t\t<span class=\"elementor-button-content-wrapper\">\n\t\t\t\t\t\t\t\t\t<span class=\"elementor-button-text\">Ingresar<\/span>\n\t\t\t\t\t<\/span>\n\t\t\t\t\t<\/a>\n\t\t\t\t<\/div>\n\t\t\t\t\t\t\t\t<\/div>\n\t\t\t\t<\/div>\n\t\t            <\/div>\r\n        <\/div>\r\n        \t\t\t<\/div>\n\t\t<\/section>\n\t\t        <section class=\"elementor-section elementor-inner-section elementor-element elementor-element-2bd4814 elementor-section-boxed elementor-section-height-default elementor-section-height-default pxl-row-scroll-none pxl-zoom-point-false pxl-section-overflow-visible pxl-section-fix-none pxl-bg-color-none pxl-section-overlay-none\" data-id=\"2bd4814\" data-element_type=\"section\">\n\n                \n                <div class=\"elementor-container elementor-column-gap-default \">\n                <div class=\"elementor-column elementor-col-50 elementor-inner-column elementor-element elementor-element-8d2f71b pxl-column-none pxl-column-overflow-hidden-no\" data-id=\"8d2f71b\" data-element_type=\"column\" data-settings=\"{&quot;background_background&quot;:&quot;classic&quot;}\">\r\n        <div class=\"elementor-widget-wrap elementor-element-populated\">\r\n                                <div class=\"elementor-background-overlay\"><\/div>\r\n         \r\n        \t\t<div class=\"elementor-element elementor-element-e611be8 elementor-view-stacked elementor-shape-circle elementor-invisible elementor-widget elementor-widget-icon\" data-id=\"e611be8\" data-element_type=\"widget\" data-settings=\"{&quot;_animation&quot;:&quot;fadeInUp&quot;}\" data-widget_type=\"icon.default\">\n\t\t\t\t<div class=\"elementor-widget-container\">\n\t\t\t\t\t\t\t<div class=\"elementor-icon-wrapper\">\n\t\t\t<div class=\"elementor-icon\">\n\t\t\t<i aria-hidden=\"true\" class=\"icon icon-user-1\"><\/i>\t\t\t<\/div>\n\t\t<\/div>\n\t\t\t\t\t\t<\/div>\n\t\t\t\t<\/div>\n\t\t\t\t<div class=\"elementor-element elementor-element-ad836bb elementor-widget-divider--view-line elementor-widget elementor-widget-divider\" data-id=\"ad836bb\" data-element_type=\"widget\" data-widget_type=\"divider.default\">\n\t\t\t\t<div class=\"elementor-widget-container\">\n\t\t\t\t\t\t\t<div class=\"elementor-divider\">\n\t\t\t<span class=\"elementor-divider-separator\">\n\t\t\t\t\t\t<\/span>\n\t\t<\/div>\n\t\t\t\t\t\t<\/div>\n\t\t\t\t<\/div>\n\t\t\t\t<div class=\"elementor-element elementor-element-da1f5bc elementor-widget elementor-widget-heading\" data-id=\"da1f5bc\" data-element_type=\"widget\" data-widget_type=\"heading.default\">\n\t\t\t\t<div class=\"elementor-widget-container\">\n\t\t\t\t\t<h3 class=\"elementor-heading-title elementor-size-default\">N\u00f3mina de Adjudicadores<\/h3>\t\t\t\t<\/div>\n\t\t\t\t<\/div>\n\t\t\t\t<div class=\"elementor-element elementor-element-c21b468 elementor-widget elementor-widget-spacer\" data-id=\"c21b468\" data-element_type=\"widget\" data-widget_type=\"spacer.default\">\n\t\t\t\t<div class=\"elementor-widget-container\">\n\t\t\t\t\t\t\t<div class=\"elementor-spacer\">\n\t\t\t<div class=\"elementor-spacer-inner\"><\/div>\n\t\t<\/div>\n\t\t\t\t\t\t<\/div>\n\t\t\t\t<\/div>\n\t\t\t\t<div class=\"elementor-element elementor-element-02200f1 elementor-align-center elementor-tablet-align-center elementor-widget elementor-widget-button\" data-id=\"02200f1\" data-element_type=\"widget\" data-widget_type=\"button.default\">\n\t\t\t\t<div class=\"elementor-widget-container\">\n\t\t\t\t\t\t\t\t\t<div class=\"elementor-button-wrapper\">\n\t\t\t\t\t<a class=\"elementor-button elementor-button-link elementor-size-sm\" href=\"https:\/\/cenardarbitraje.com\/web\/nomina-de-adjudicadores\/\" target=\"_blank\">\n\t\t\t\t\t\t<span class=\"elementor-button-content-wrapper\">\n\t\t\t\t\t\t\t\t\t<span class=\"elementor-button-text\">Ingresar<\/span>\n\t\t\t\t\t<\/span>\n\t\t\t\t\t<\/a>\n\t\t\t\t<\/div>\n\t\t\t\t\t\t\t\t<\/div>\n\t\t\t\t<\/div>\n\t\t            <\/div>\r\n        <\/div>\r\n                <div class=\"elementor-column elementor-col-50 elementor-inner-column elementor-element elementor-element-24ea154 pxl-column-none pxl-column-overflow-hidden-no\" data-id=\"24ea154\" data-element_type=\"column\" data-settings=\"{&quot;background_background&quot;:&quot;classic&quot;}\">\r\n        <div class=\"elementor-widget-wrap elementor-element-populated\">\r\n                                <div class=\"elementor-background-overlay\"><\/div>\r\n         \r\n        \t\t<div class=\"elementor-element elementor-element-2f85808 elementor-view-stacked elementor-shape-circle elementor-invisible elementor-widget elementor-widget-icon\" data-id=\"2f85808\" data-element_type=\"widget\" data-settings=\"{&quot;_animation&quot;:&quot;fadeInUp&quot;}\" data-widget_type=\"icon.default\">\n\t\t\t\t<div class=\"elementor-widget-container\">\n\t\t\t\t\t\t\t<div class=\"elementor-icon-wrapper\">\n\t\t\t<div class=\"elementor-icon\">\n\t\t\t<i aria-hidden=\"true\" class=\"flaticon flaticon-feature-9\"><\/i>\t\t\t<\/div>\n\t\t<\/div>\n\t\t\t\t\t\t<\/div>\n\t\t\t\t<\/div>\n\t\t\t\t<div class=\"elementor-element elementor-element-e1cbda6 elementor-widget elementor-widget-spacer\" data-id=\"e1cbda6\" data-element_type=\"widget\" data-widget_type=\"spacer.default\">\n\t\t\t\t<div class=\"elementor-widget-container\">\n\t\t\t\t\t\t\t<div class=\"elementor-spacer\">\n\t\t\t<div class=\"elementor-spacer-inner\"><\/div>\n\t\t<\/div>\n\t\t\t\t\t\t<\/div>\n\t\t\t\t<\/div>\n\t\t\t\t<div class=\"elementor-element elementor-element-632688a elementor-widget-divider--view-line elementor-widget elementor-widget-divider\" data-id=\"632688a\" data-element_type=\"widget\" data-widget_type=\"divider.default\">\n\t\t\t\t<div class=\"elementor-widget-container\">\n\t\t\t\t\t\t\t<div class=\"elementor-divider\">\n\t\t\t<span class=\"elementor-divider-separator\">\n\t\t\t\t\t\t<\/span>\n\t\t<\/div>\n\t\t\t\t\t\t<\/div>\n\t\t\t\t<\/div>\n\t\t\t\t<div class=\"elementor-element elementor-element-4ca8526 elementor-widget elementor-widget-heading\" data-id=\"4ca8526\" data-element_type=\"widget\" data-widget_type=\"heading.default\">\n\t\t\t\t<div class=\"elementor-widget-container\">\n\t\t\t\t\t<h3 class=\"elementor-heading-title elementor-size-default\">Atalaya de Integridad<\/h3>\t\t\t\t<\/div>\n\t\t\t\t<\/div>\n\t\t\t\t<div class=\"elementor-element elementor-element-fff138b elementor-widget elementor-widget-spacer\" data-id=\"fff138b\" data-element_type=\"widget\" data-widget_type=\"spacer.default\">\n\t\t\t\t<div class=\"elementor-widget-container\">\n\t\t\t\t\t\t\t<div class=\"elementor-spacer\">\n\t\t\t<div class=\"elementor-spacer-inner\"><\/div>\n\t\t<\/div>\n\t\t\t\t\t\t<\/div>\n\t\t\t\t<\/div>\n\t\t\t\t<div class=\"elementor-element elementor-element-50e400d elementor-align-center elementor-tablet-align-center elementor-widget elementor-widget-button\" data-id=\"50e400d\" data-element_type=\"widget\" data-widget_type=\"button.default\">\n\t\t\t\t<div class=\"elementor-widget-container\">\n\t\t\t\t\t\t\t\t\t<div class=\"elementor-button-wrapper\">\n\t\t\t\t\t<a class=\"elementor-button elementor-button-link elementor-size-sm\" href=\"https:\/\/cenardarbitraje.com\/web\/atalaya-de-integridad\/\" target=\"_blank\">\n\t\t\t\t\t\t<span class=\"elementor-button-content-wrapper\">\n\t\t\t\t\t\t\t\t\t<span class=\"elementor-button-text\">Ingresar<\/span>\n\t\t\t\t\t<\/span>\n\t\t\t\t\t<\/a>\n\t\t\t\t<\/div>\n\t\t\t\t\t\t\t\t<\/div>\n\t\t\t\t<\/div>\n\t\t            <\/div>\r\n        <\/div>\r\n        \t\t\t<\/div>\n\t\t<\/section>\n\t\t\t\t<div class=\"elementor-element elementor-element-70763ff6 elementor-widget elementor-widget-spacer\" data-id=\"70763ff6\" data-element_type=\"widget\" data-widget_type=\"spacer.default\">\n\t\t\t\t<div class=\"elementor-widget-container\">\n\t\t\t\t\t\t\t<div class=\"elementor-spacer\">\n\t\t\t<div class=\"elementor-spacer-inner\"><\/div>\n\t\t<\/div>\n\t\t\t\t\t\t<\/div>\n\t\t\t\t<\/div>\n\t\t\t\t<div class=\"elementor-element elementor-element-0845969 elementor-widget elementor-widget-text-editor\" data-id=\"0845969\" data-element_type=\"widget\" data-widget_type=\"text-editor.default\">\n\t\t\t\t<div class=\"elementor-widget-container\">\n\t\t\t\t\t\t\t\t\t&nbsp;\n\n<hr \/>\n\n<div style=\"text-align: justify; line-height: 1.6; font-size: 16px;\">\n  <p>\n    La Junta de Prevenci\u00f3n y Resoluci\u00f3n de Disputas (JPRD) es un \u00f3rgano especializado encargado de fomentar la prevenci\u00f3n y la resoluci\u00f3n eficaz de conflictos que puedan presentarse durante la ejecuci\u00f3n de contratos de obras y de suministro.\n  <\/p>\n  <p>\n    Est\u00e1 facultada para responder consultas de las partes sobre temas t\u00e9cnicos o contractuales, resolver disputas relacionadas con estos \u00e1mbitos y desempe\u00f1ar otras funciones establecidas en el Reglamento de la Ley N.\u00ba 32069.\n  <\/p>\n  <p>\n    Su jurisdicci\u00f3n abarca desde el inicio del plazo de ejecuci\u00f3n del contrato hasta el pago o entrega final en los contratos de suministro, o hasta la recepci\u00f3n completa en los contratos de obra, seg\u00fan corresponda. Tambi\u00e9n incluye controversias relacionadas con prestaciones adicionales autorizadas por la entidad contratante, salvo en los casos exceptuados por la ley.\n  <\/p>\n  <p>\n    Las resoluciones emitidas por la JPRD son de cumplimiento obligatorio e inmediato.\n  <\/p>\n<\/div>\n\n\n<hr \/>\n\n&nbsp;\t\t\t\t\t\t\t\t<\/div>\n\t\t\t\t<\/div>\n\t\t            <\/div>\r\n        <\/div>\r\n        \t\t\t<\/div>\n\t\t<\/section>\n\t\t<div class=\"elementor-element elementor-element-f4a0f7b e-flex e-con-boxed e-con e-parent\" data-id=\"f4a0f7b\" data-element_type=\"container\">\n\t\t\t\t\t<div class=\"e-con-inner\">\n\t\t<div class=\"elementor-element elementor-element-1e922e3 e-con-full e-flex e-con e-child\" data-id=\"1e922e3\" data-element_type=\"container\">\n\t\t\t\t<div class=\"elementor-element elementor-element-2236a63 elementor-widget elementor-widget-image\" data-id=\"2236a63\" data-element_type=\"widget\" data-widget_type=\"image.default\">\n\t\t\t\t<div class=\"elementor-widget-container\">\n\t\t\t\t\t\t\t\t\t\t\t\t\t\t\t<img fetchpriority=\"high\" decoding=\"async\" width=\"760\" height=\"507\" src=\"https:\/\/cenardarbitraje.com\/web\/wp-content\/uploads\/2025\/05\/000102605M.jpg\" class=\"attachment-large size-large wp-image-25222\" alt=\"\" srcset=\"https:\/\/cenardarbitraje.com\/web\/wp-content\/uploads\/2025\/05\/000102605M.jpg 760w, https:\/\/cenardarbitraje.com\/web\/wp-content\/uploads\/2025\/05\/000102605M-300x200.jpg 300w, https:\/\/cenardarbitraje.com\/web\/wp-content\/uploads\/2025\/05\/000102605M-600x400.jpg 600w\" sizes=\"(max-width: 760px) 100vw, 760px\" \/>\t\t\t\t\t\t\t\t\t\t\t\t\t\t\t<\/div>\n\t\t\t\t<\/div>\n\t\t\t\t<\/div>\n\t\t<div class=\"elementor-element elementor-element-8a5bd6c e-con-full e-flex e-con e-child\" data-id=\"8a5bd6c\" data-element_type=\"container\">\n\t\t\t\t<div class=\"elementor-element elementor-element-ace85e1 elementor-widget elementor-widget-eael-adv-accordion\" data-id=\"ace85e1\" data-element_type=\"widget\" data-widget_type=\"eael-adv-accordion.default\">\n\t\t\t\t<div class=\"elementor-widget-container\">\n\t\t\t\t\t        <div class=\"eael-adv-accordion\" id=\"eael-adv-accordion-ace85e1\" data-scroll-on-click=\"no\" data-scroll-speed=\"300\" data-accordion-id=\"ace85e1\" data-accordion-type=\"accordion\" data-toogle-speed=\"300\">\n    <div class=\"eael-accordion-list\">\n                <div id=\"reglamentos-vigentes-desde-el-04-de-agosto-2025\" class=\"elementor-tab-title eael-accordion-header active-default\" tabindex=\"0\" data-tab=\"1\" aria-controls=\"elementor-tab-content-1811\"><span class=\"eael-advanced-accordion-icon-closed\"><i aria-hidden=\"true\" class=\"fa-accordion-icon fas fa-plus\"><\/i><\/span><span class=\"eael-advanced-accordion-icon-opened\"><i aria-hidden=\"true\" class=\"fa-accordion-icon fas fa-book-reader\"><\/i><\/span><span class=\"eael-accordion-tab-title\">Reglamentos vigentes desde el 04 de agosto 2025<\/span><i aria-hidden=\"true\" class=\"fa-toggle fas fa-angle-right\"><\/i><\/div><div id=\"elementor-tab-content-1811\" class=\"eael-accordion-content clearfix active-default\" data-tab=\"1\" aria-labelledby=\"reglamentos-vigentes-desde-el-04-de-agosto-2025\"><ul><li><a href=\"https:\/\/cenardarbitraje.com\/web\/wp-content\/uploads\/2025\/11\/CODIGO-DE-ETICA.pdf\" target=\"_blank\" rel=\"noopener\"><strong>C\u00d3DIGO DE \u00c9TICA 2025<\/strong><\/a><\/li><li><strong><a href=\"https:\/\/cenardarbitraje.com\/web\/wp-content\/uploads\/2025\/11\/REGLAMENTO-DE-JPRD.pdf\" target=\"_blank\" rel=\"noopener\">REGLAMENTO DE JPRD 2025<\/a><\/strong><\/li><li><a href=\"https:\/\/cenardarbitraje.com\/web\/wp-content\/uploads\/2025\/11\/REGLAMENTO-INTERNO-CENARD.pdf\"><strong>REGLAMENTO INTERNO 2025<\/strong><\/a><\/li><li><strong><a href=\"https:\/\/cenardarbitraje.com\/web\/wp-content\/uploads\/2025\/08\/Directiva-01-Incorporacion-y-Renovacion.pdf\" target=\"_blank\" rel=\"noopener\">DIRECTIVA 01 INCORPORACI\u00d3N Y RENOVACI\u00d3N\u00a0<\/a><\/strong><\/li><li><strong><a href=\"https:\/\/cenardarbitraje.com\/web\/wp-content\/uploads\/2025\/10\/REGLAMENTO-DE-COSTOS-2025-ACTUALIZADO.pdf\" target=\"_blank\" rel=\"noopener\">REGLAMENTO DE COSTOS 2025<\/a><\/strong><\/li><li><a href=\"https:\/\/cenardarbitraje.com\/web\/wp-content\/uploads\/2025\/11\/Ficha-renovacion.pdf\" target=\"_blank\" rel=\"noopener\"><strong>FICHAS DE RENOVACI\u00d3N ARBITRO \/ADJUDICADOR<\/strong><\/a><\/li><li><a href=\"https:\/\/cenardarbitraje.com\/web\/wp-content\/uploads\/2025\/11\/FICHAS-1.pdf\"><strong>FICHAS DE INSICRIPCION ARBITRO \/ADJUDICADOR<\/strong><\/a><\/li><\/ul><\/div>\n                <\/div><\/div>\t\t\t\t<\/div>\n\t\t\t\t<\/div>\n\t\t\t\t<\/div>\n\t\t\t\t\t<\/div>\n\t\t\t\t<\/div>\n\t\t\t\t<\/div>\n\t\t","protected":false},"excerpt":{"rendered":"<p>Calculo de Tarifas Ingresar Portal &#8211; Atenea Ingresar N\u00f3mina de Adjudicadores Ingresar Atalaya de Integridad Ingresar &nbsp; La Junta de Prevenci\u00f3n y Resoluci\u00f3n de Disputas (JPRD) es un \u00f3rgano especializado encargado de fomentar la prevenci\u00f3n y la resoluci\u00f3n eficaz de conflictos que puedan presentarse durante la ejecuci\u00f3n de contratos de obras y de suministro. Est\u00e1 [&hellip;]<\/p>\n","protected":false},"author":1,"featured_media":0,"parent":0,"menu_order":0,"comment_status":"closed","ping_status":"closed","template":"","meta":{"footnotes":""},"class_list":["post-25482","page","type-page","status-publish","hentry"],"_hostinger_reach_plugin_has_subscription_block":false,"_hostinger_reach_plugin_is_elementor":false,"_links":{"self":[{"href":"https:\/\/cenardarbitraje.com\/web\/wp-json\/wp\/v2\/pages\/25482","targetHints":{"allow":["GET"]}}],"collection":[{"href":"https:\/\/cenardarbitraje.com\/web\/wp-json\/wp\/v2\/pages"}],"about":[{"href":"https:\/\/cenardarbitraje.com\/web\/wp-json\/wp\/v2\/types\/page"}],"author":[{"embeddable":true,"href":"https:\/\/cenardarbitraje.com\/web\/wp-json\/wp\/v2\/users\/1"}],"replies":[{"embeddable":true,"href":"https:\/\/cenardarbitraje.com\/web\/wp-json\/wp\/v2\/comments?post=25482"}],"version-history":[{"count":56,"href":"https:\/\/cenardarbitraje.com\/web\/wp-json\/wp\/v2\/pages\/25482\/revisions"}],"predecessor-version":[{"id":25962,"href":"https:\/\/cenardarbitraje.com\/web\/wp-json\/wp\/v2\/pages\/25482\/revisions\/25962"}],"wp:attachment":[{"href":"https:\/\/cenardarbitraje.com\/web\/wp-json\/wp\/v2\/media?parent=25482"}],"curies":[{"name":"wp","href":"https:\/\/api.w.org\/{rel}","templated":true}]}}