{"id":25205,"date":"2025-05-23T08:39:48","date_gmt":"2025-05-23T08:39:48","guid":{"rendered":"https:\/\/cenardarbitraje.com\/web\/?page_id=25205"},"modified":"2025-09-25T21:23:23","modified_gmt":"2025-09-25T21:23:23","slug":"servicio-de-arbitraje","status":"publish","type":"page","link":"https:\/\/cenardarbitraje.com\/web\/servicio-de-arbitraje\/","title":{"rendered":"Servicio de Arbitraje"},"content":{"rendered":"\t\t<div data-elementor-type=\"wp-page\" data-elementor-id=\"25205\" class=\"elementor elementor-25205\" data-elementor-post-type=\"page\">\n\t\t\t\t<div class=\"elementor-element elementor-element-d49a590 e-flex e-con-boxed e-con e-parent \" data-id=\"d49a590\" data-element_type=\"container\" data-e-type=\"container\">\t\t\t<div class=\"e-con-inner\">\r\n\t\t<div class=\"elementor-element elementor-element-89b5cd1 e-con-full e-flex e-con e-child \" data-id=\"89b5cd1\" data-element_type=\"container\" data-e-type=\"container\">\t\t<div class=\"elementor-element elementor-element-3eb04f27 elementor-widget__width-inherit elementor-widget-mobile__width-inherit elementor-widget elementor-widget-elementskit-accordion\" data-id=\"3eb04f27\" data-element_type=\"widget\" data-e-type=\"widget\" data-widget_type=\"elementskit-accordion.default\">\n\t\t\t\t<div class=\"elementor-widget-container\">\n\t\t\t\t\t<div class=\"ekit-wid-con\" >\n        <div class=\"elementskit-accordion accoedion-primary\" id=\"accordion-6a071f5e9802f\">\n\n            \n                <div class=\"elementskit-card \">\n                    <div class=\"elementskit-card-header\" id=\"primaryHeading-0-3eb04f27\">\n                        <a href=\"#collapse-bc228306a071f5e9802f\" class=\"ekit-accordion--toggler elementskit-btn-link collapsed\" data-ekit-toggle=\"collapse\" data-target=\"#Collapse-bc228306a071f5e9802f\" aria-expanded=\"false\" aria-controls=\"Collapse-bc228306a071f5e9802f\">\n                            \n                            <span class=\"ekit-accordion-title\">\u00bfCuales son las ventajas de Contratar a CENARD para resoluci\u00f3n de controversias?<\/span>\n\n                            \n                                <div class=\"ekit_accordion_icon_group\">\n                                    <div class=\"ekit_accordion_normal_icon\">\n                                        <!-- Normal Icon -->\n\t\t\t\t\t\t\t\t\t\t<i class=\"icon icon-down-arrow1\"><\/i>                                    <\/div>\n\n                                    <div class=\"ekit_accordion_active_icon\">\n                                        <!-- Active Icon -->\n\t\t\t\t\t\t\t\t\t\t<i class=\"icon icon-up-arrow\"><\/i>                                    <\/div>\n                                <\/div>\n\n                            \n                                                    <\/a>\n                    <\/div>\n\n                    <div id=\"Collapse-bc228306a071f5e9802f\" class=\" collapse\" aria-labelledby=\"primaryHeading-0-3eb04f27\" data-parent=\"#accordion-6a071f5e9802f\">\n\n                        <div class=\"elementskit-card-body ekit-accordion--content\">\n                            <ul><li><strong>\u00c1rbitros altamente calificados y registrados.<\/strong><\/li><li><strong>Reglamentos que aseguran la celeridad y correcto funcionamiento del proceso<\/strong>.<\/li><li><strong>Supervisi\u00f3n institucional especializada y transparente.<\/strong><\/li><li><strong>Asistencia administrativa y tecnol\u00f3gica eficiente.<\/strong><\/li><li><strong>Costos predecibles y accesibles.<\/strong><\/li><li><strong>Herramientas digitales seguras.<\/strong><\/li><\/ul>                        <\/div>\n\n                    <\/div>\n\n                <\/div><!-- .elementskit-card END -->\n\n                \n                <div class=\"elementskit-card \">\n                    <div class=\"elementskit-card-header\" id=\"primaryHeading-1-3eb04f27\">\n                        <a href=\"#collapse-9cf7a326a071f5e9802f\" class=\"ekit-accordion--toggler elementskit-btn-link collapsed\" data-ekit-toggle=\"collapse\" data-target=\"#Collapse-9cf7a326a071f5e9802f\" aria-expanded=\"false\" aria-controls=\"Collapse-9cf7a326a071f5e9802f\">\n                            \n                            <span class=\"ekit-accordion-title\">\u00bfQu\u00e9 tipo de controversias se pueden resolver a trav\u00e9s del arbitraje en CENARD?<\/span>\n\n                            \n                                <div class=\"ekit_accordion_icon_group\">\n                                    <div class=\"ekit_accordion_normal_icon\">\n                                        <!-- Normal Icon -->\n\t\t\t\t\t\t\t\t\t\t<i class=\"icon icon-down-arrow1\"><\/i>                                    <\/div>\n\n                                    <div class=\"ekit_accordion_active_icon\">\n                                        <!-- Active Icon -->\n\t\t\t\t\t\t\t\t\t\t<i class=\"icon icon-up-arrow\"><\/i>                                    <\/div>\n                                <\/div>\n\n                            \n                                                    <\/a>\n                    <\/div>\n\n                    <div id=\"Collapse-9cf7a326a071f5e9802f\" class=\" collapse\" aria-labelledby=\"primaryHeading-1-3eb04f27\" data-parent=\"#accordion-6a071f5e9802f\">\n\n                        <div class=\"elementskit-card-body ekit-accordion--content\">\n                            \n  \n    <title>Texto Justificado<\/title>\n  \n  \n    <p>\n      En CENARD se pueden resolver controversias de car\u00e1cter civil, comercial y contractual que sean susceptibles de transacci\u00f3n seg\u00fan la ley. Esto incluye disputas entre empresas, incumplimientos contractuales, conflictos societarios, entre otros, siempre que las partes hayan pactado someterse al arbitraje.\n    <\/p>\n  \n\n\n                        <\/div>\n\n                    <\/div>\n\n                <\/div><!-- .elementskit-card END -->\n\n                \n                <div class=\"elementskit-card \">\n                    <div class=\"elementskit-card-header\" id=\"primaryHeading-2-3eb04f27\">\n                        <a href=\"#collapse-8417e716a071f5e9802f\" class=\"ekit-accordion--toggler elementskit-btn-link collapsed\" data-ekit-toggle=\"collapse\" data-target=\"#Collapse-8417e716a071f5e9802f\" aria-expanded=\"false\" aria-controls=\"Collapse-8417e716a071f5e9802f\">\n                            \n                            <span class=\"ekit-accordion-title\">\u00bfC\u00f3mo se inicia un proceso arbitral en CENARD?<\/span>\n\n                            \n                                <div class=\"ekit_accordion_icon_group\">\n                                    <div class=\"ekit_accordion_normal_icon\">\n                                        <!-- Normal Icon -->\n\t\t\t\t\t\t\t\t\t\t<i class=\"icon icon-down-arrow1\"><\/i>                                    <\/div>\n\n                                    <div class=\"ekit_accordion_active_icon\">\n                                        <!-- Active Icon -->\n\t\t\t\t\t\t\t\t\t\t<i class=\"icon icon-up-arrow\"><\/i>                                    <\/div>\n                                <\/div>\n\n                            \n                                                    <\/a>\n                    <\/div>\n\n                    <div id=\"Collapse-8417e716a071f5e9802f\" class=\" collapse\" aria-labelledby=\"primaryHeading-2-3eb04f27\" data-parent=\"#accordion-6a071f5e9802f\">\n\n                        <div class=\"elementskit-card-body ekit-accordion--content\">\n                            <p>El proceso se inicia mediante la presentaci\u00f3n de una solicitud de arbitraje dirigida a CENARD, acompa\u00f1ada de una copia del convenio arbitral y los documentos se\u00f1alados en el art\u00edculo 11 del Reglamento Procesal.<\/p>                        <\/div>\n\n                    <\/div>\n\n                <\/div><!-- .elementskit-card END -->\n\n                \n                <div class=\"elementskit-card \">\n                    <div class=\"elementskit-card-header\" id=\"primaryHeading-3-3eb04f27\">\n                        <a href=\"#collapse-3dad4e06a071f5e9802f\" class=\"ekit-accordion--toggler elementskit-btn-link collapsed\" data-ekit-toggle=\"collapse\" data-target=\"#Collapse-3dad4e06a071f5e9802f\" aria-expanded=\"false\" aria-controls=\"Collapse-3dad4e06a071f5e9802f\">\n                            \n                            <span class=\"ekit-accordion-title\">\u00bfQu\u00e9 ventajas ofrece el arbitraje frente a un proceso judicial?<\/span>\n\n                            \n                                <div class=\"ekit_accordion_icon_group\">\n                                    <div class=\"ekit_accordion_normal_icon\">\n                                        <!-- Normal Icon -->\n\t\t\t\t\t\t\t\t\t\t<i class=\"icon icon-down-arrow1\"><\/i>                                    <\/div>\n\n                                    <div class=\"ekit_accordion_active_icon\">\n                                        <!-- Active Icon -->\n\t\t\t\t\t\t\t\t\t\t<i class=\"icon icon-up-arrow\"><\/i>                                    <\/div>\n                                <\/div>\n\n                            \n                                                    <\/a>\n                    <\/div>\n\n                    <div id=\"Collapse-3dad4e06a071f5e9802f\" class=\" collapse\" aria-labelledby=\"primaryHeading-3-3eb04f27\" data-parent=\"#accordion-6a071f5e9802f\">\n\n                        <div class=\"elementskit-card-body ekit-accordion--content\">\n                            <ul><li><strong>Celeridad y flexibilidad<\/strong> en el procedimiento.<\/li><li><strong>Especializaci\u00f3n<\/strong> de los \u00e1rbitros en la materia.<\/li><li><strong>Confidencialidad<\/strong> del proceso y sus actuaciones.<\/li><\/ul>                        <\/div>\n\n                    <\/div>\n\n                <\/div><!-- .elementskit-card END -->\n\n                \n                <div class=\"elementskit-card \">\n                    <div class=\"elementskit-card-header\" id=\"primaryHeading-4-3eb04f27\">\n                        <a href=\"#collapse-86e1ee36a071f5e9802f\" class=\"ekit-accordion--toggler elementskit-btn-link collapsed\" data-ekit-toggle=\"collapse\" data-target=\"#Collapse-86e1ee36a071f5e9802f\" aria-expanded=\"false\" aria-controls=\"Collapse-86e1ee36a071f5e9802f\">\n                            \n                            <span class=\"ekit-accordion-title\">\u00bfEs obligatoria la presencia de abogados durante el proceso arbitral?<\/span>\n\n                            \n                                <div class=\"ekit_accordion_icon_group\">\n                                    <div class=\"ekit_accordion_normal_icon\">\n                                        <!-- Normal Icon -->\n\t\t\t\t\t\t\t\t\t\t<i class=\"icon icon-down-arrow1\"><\/i>                                    <\/div>\n\n                                    <div class=\"ekit_accordion_active_icon\">\n                                        <!-- Active Icon -->\n\t\t\t\t\t\t\t\t\t\t<i class=\"icon icon-up-arrow\"><\/i>                                    <\/div>\n                                <\/div>\n\n                            \n                                                    <\/a>\n                    <\/div>\n\n                    <div id=\"Collapse-86e1ee36a071f5e9802f\" class=\" collapse\" aria-labelledby=\"primaryHeading-4-3eb04f27\" data-parent=\"#accordion-6a071f5e9802f\">\n\n                        <div class=\"elementskit-card-body ekit-accordion--content\">\n                            <p>\n  Aunque no es obligatorio, se recomienda contar con asesor\u00eda legal durante el proceso arbitral. La participaci\u00f3n de un abogado puede asegurar una adecuada defensa de los intereses de las partes y el cumplimiento de los requisitos procesales establecidos por CENARD.\n<\/p>\n                        <\/div>\n\n                    <\/div>\n\n                <\/div><!-- .elementskit-card END -->\n\n                                        <\/div>\n    <\/div>\t\t\t\t<\/div>\n\t\t\t\t<\/div>\n\t\t\t\t<\/div>\r\n\t\t<div class=\"elementor-element elementor-element-1cee088 e-con-full e-flex e-con e-child \" data-id=\"1cee088\" data-element_type=\"container\" data-e-type=\"container\">\t\t<div class=\"elementor-element elementor-element-26a8a0e elementor-widget elementor-widget-image\" data-id=\"26a8a0e\" data-element_type=\"widget\" data-e-type=\"widget\" data-widget_type=\"image.default\">\n\t\t\t\t<div class=\"elementor-widget-container\">\n\t\t\t\t\t\t\t\t\t\t\t\t\t\t\t<img fetchpriority=\"high\" decoding=\"async\" width=\"2560\" height=\"1707\" src=\"https:\/\/cenardarbitraje.com\/web\/wp-content\/uploads\/2025\/05\/7.-que-estudia-el-derecho-administrativo-min-scaled-1.jpg\" class=\"attachment-full size-full wp-image-24945\" alt=\"\" srcset=\"https:\/\/cenardarbitraje.com\/web\/wp-content\/uploads\/2025\/05\/7.-que-estudia-el-derecho-administrativo-min-scaled-1.jpg 2560w, https:\/\/cenardarbitraje.com\/web\/wp-content\/uploads\/2025\/05\/7.-que-estudia-el-derecho-administrativo-min-scaled-1-300x200.jpg 300w, https:\/\/cenardarbitraje.com\/web\/wp-content\/uploads\/2025\/05\/7.-que-estudia-el-derecho-administrativo-min-scaled-1-1024x683.jpg 1024w, https:\/\/cenardarbitraje.com\/web\/wp-content\/uploads\/2025\/05\/7.-que-estudia-el-derecho-administrativo-min-scaled-1-768x512.jpg 768w, https:\/\/cenardarbitraje.com\/web\/wp-content\/uploads\/2025\/05\/7.-que-estudia-el-derecho-administrativo-min-scaled-1-1536x1024.jpg 1536w, https:\/\/cenardarbitraje.com\/web\/wp-content\/uploads\/2025\/05\/7.-que-estudia-el-derecho-administrativo-min-scaled-1-2048x1366.jpg 2048w, https:\/\/cenardarbitraje.com\/web\/wp-content\/uploads\/2025\/05\/7.-que-estudia-el-derecho-administrativo-min-scaled-1-1065x710.jpg 1065w, https:\/\/cenardarbitraje.com\/web\/wp-content\/uploads\/2025\/05\/7.-que-estudia-el-derecho-administrativo-min-scaled-1-600x400.jpg 600w\" sizes=\"(max-width: 2560px) 100vw, 2560px\" \/>\t\t\t\t\t\t\t\t\t\t\t\t\t\t\t<\/div>\n\t\t\t\t<\/div>\n\t\t\t\t<\/div>\r\n\t\t\t\t\t<\/div>\r\n\t\t\t\t<\/div>\r\n\t\t<div class=\"elementor-element elementor-element-7ac57f1 e-flex e-con-boxed e-con e-parent \" data-id=\"7ac57f1\" data-element_type=\"container\" data-e-type=\"container\">\t\t\t<div class=\"e-con-inner\">\r\n\t\t\t\t<div class=\"elementor-element elementor-element-a3e035d elementor-widget__width-inherit elementor-widget elementor-widget-eael-image-accordion\" data-id=\"a3e035d\" data-element_type=\"widget\" data-e-type=\"widget\" data-widget_type=\"eael-image-accordion.default\">\n\t\t\t\t<div class=\"elementor-widget-container\">\n\t\t\t\t\t    <div class=\"eael-img-accordion accordion-direction-horizontal eael-img-accordion-horizontal-align-center eael-img-accordion-vertical-align-center\" id=\"eael-img-accordion-a3e035d\" data-img-accordion-id=\"a3e035d\" data-img-accordion-type=\"on-hover\">\n                    \n            <div class=\"eael-image-accordion-hover eael-image-accordion-item\" style=\"background-image: url(https:\/\/cenardarbitraje.com\/web\/wp-content\/uploads\/2025\/05\/tipos-de-abogados.webp);\"  tabindex=\"0\">\n                <div class=\"overlay\">\n                                        <div class=\"overlay-inner \">\n                        <h2 class=\"img-accordion-title\">Administracion de Arbitrajes <\/h2>                            <p><ul><li style=\"text-align: left\">Administraci\u00f3n integral de arbitrajes ad hoc o institucionales.<\/li><li style=\"text-align: left\">Supervisi\u00f3n del cumplimiento del reglamento arbitral.<\/li><li style=\"text-align: left\">Nombramiento de \u00e1rbitros seg\u00fan lo pactado o ante ausencia de acuerdo.<\/li><li style=\"text-align: left\">Gesti\u00f3n del calendario y actos procesales del arbitraje.<\/li><li style=\"text-align: left\">Custodia del expediente arbitral.<\/li><\/ul><\/p>\n                                            <\/div>\n                <\/div>\n            <\/div>\n                    \n            <div class=\"eael-image-accordion-hover eael-image-accordion-item\" style=\"background-image: url(https:\/\/cenardarbitraje.com\/web\/wp-content\/uploads\/2025\/04\/business-agreement.jpg);\"  tabindex=\"0\">\n                <div class=\"overlay\">\n                                        <div class=\"overlay-inner \">\n                        <h2 class=\"img-accordion-title\">Designaci\u00f3n de \u00e1rbitros<\/h2>                            <p><ul><li style=\"text-align: left\">Provisi\u00f3n de listas de \u00e1rbitros especializados (nacionales e internacionales).<\/li><li style=\"text-align: left\">Nombramiento directo de \u00e1rbitros en caso de falta de acuerdo entre las partes.<\/li><li style=\"text-align: left\">Sustituci\u00f3n de \u00e1rbitros por impedimento, renuncia o recusaci\u00f3n.<\/li><\/ul><\/p>\n                                            <\/div>\n                <\/div>\n            <\/div>\n                    \n            <div class=\"eael-image-accordion-hover eael-image-accordion-item\" style=\"background-image: url(https:\/\/cenardarbitraje.com\/web\/wp-content\/uploads\/2025\/05\/7.-que-estudia-el-derecho-administrativo-min-scaled-1.jpg);\"  tabindex=\"0\">\n                <div class=\"overlay\">\n                                        <div class=\"overlay-inner \">\n                        <h2 class=\"img-accordion-title\">Asistencia administrativa y log\u00edstica<\/h2>                            <p><ul><li style=\"text-align: left\">Apoyo en la organizaci\u00f3n de audiencias virtuales o presenciales.<\/li><li style=\"text-align: left\">Soporte secretarial a los tribunales arbitrales (Secretarios Arbitrales).<\/li><li style=\"text-align: left\">Gesti\u00f3n de salas de audiencia, actas, notificaciones y archivo.<\/li><li style=\"text-align: left\">Administraci\u00f3n de comunicaciones entre las partes y los \u00e1rbitros.<\/li><\/ul><\/p>\n                                            <\/div>\n                <\/div>\n            <\/div>\n                    \n            <div class=\"eael-image-accordion-hover eael-image-accordion-item\" style=\"background-image: url(https:\/\/cenardarbitraje.com\/web\/wp-content\/uploads\/2025\/05\/000102605M.jpg);\"  tabindex=\"0\">\n                <div class=\"overlay\">\n                                        <div class=\"overlay-inner \">\n                        <h2 class=\"img-accordion-title\">Mesa de Partes Virtual<\/h2>                            <p><ul><li style=\"text-align: left\">Recepci\u00f3n formal de solicitudes, escritos, pruebas y documentos.<\/li><li style=\"text-align: left\">Registro digital o f\u00edsico de actuaciones arbitrales.<\/li><li style=\"text-align: left\">Emisi\u00f3n de constancias de presentaci\u00f3n.<\/li><\/ul><\/p>\n                                            <\/div>\n                <\/div>\n            <\/div>\n                    \n            <div class=\"eael-image-accordion-hover eael-image-accordion-item\" style=\"background-image: url(https:\/\/cenardarbitraje.com\/web\/wp-content\/uploads\/2025\/05\/legal-expert-in-the-digital-age-business-finance-2023-11-27-05-04-02-utc.webp);\"  tabindex=\"0\">\n                <div class=\"overlay\">\n                                        <div class=\"overlay-inner \">\n                        <h2 class=\"img-accordion-title\">Plataforma de Arbitraje Online <\/h2>                            <p><ul><li style=\"text-align: left\">Arbitraje Online (AOL): acceso remoto a expedientes arbitrales.<\/li><li style=\"text-align: left\">Seguimiento en tiempo real del estado de los casos.<\/li><li style=\"text-align: left\">Presentaci\u00f3n digital de documentos y participaci\u00f3n en audiencias virtuales.<\/li><\/ul><\/p>\n                                            <\/div>\n                <\/div>\n            <\/div>\n                <\/div>\n        <style typr=\"text\/css\">\n                    #eael-img-accordion-a3e035d .eael-image-accordion-hover:hover {\n                        flex: 3 1 0% !important;\n                    }\n                    #eael-img-accordion-a3e035d .eael-image-accordion-hover:hover:hover .overlay-inner * {\n                        opacity: 1;\n                        visibility: visible;\n                        transform: none;\n                        transition: all .3s .3s;\n                    }\n                <\/style>\t\t\t\t<\/div>\n\t\t\t\t<\/div>\n\t\t\t\t\t<\/div>\r\n\t\t\t\t<\/div>\r\n\t\t\t\t<\/div>\n\t\t","protected":false},"excerpt":{"rendered":"<p>\u00bfCuales son las ventajas de Contratar a CENARD para resoluci\u00f3n de controversias? \u00c1rbitros altamente calificados y registrados. Reglamentos que aseguran la celeridad y correcto funcionamiento del proceso. Supervisi\u00f3n institucional especializada y transparente. Asistencia administrativa y tecnol\u00f3gica eficiente. Costos predecibles y accesibles. Herramientas digitales seguras. \u00bfQu\u00e9 tipo de controversias se pueden resolver a trav\u00e9s del arbitraje [&hellip;]<\/p>\n","protected":false},"author":1,"featured_media":0,"parent":0,"menu_order":0,"comment_status":"closed","ping_status":"closed","template":"","meta":{"footnotes":""},"class_list":["post-25205","page","type-page","status-publish","hentry"],"_hostinger_reach_plugin_has_subscription_block":false,"_hostinger_reach_plugin_is_elementor":false,"_links":{"self":[{"href":"https:\/\/cenardarbitraje.com\/web\/wp-json\/wp\/v2\/pages\/25205","targetHints":{"allow":["GET"]}}],"collection":[{"href":"https:\/\/cenardarbitraje.com\/web\/wp-json\/wp\/v2\/pages"}],"about":[{"href":"https:\/\/cenardarbitraje.com\/web\/wp-json\/wp\/v2\/types\/page"}],"author":[{"embeddable":true,"href":"https:\/\/cenardarbitraje.com\/web\/wp-json\/wp\/v2\/users\/1"}],"replies":[{"embeddable":true,"href":"https:\/\/cenardarbitraje.com\/web\/wp-json\/wp\/v2\/comments?post=25205"}],"version-history":[{"count":22,"href":"https:\/\/cenardarbitraje.com\/web\/wp-json\/wp\/v2\/pages\/25205\/revisions"}],"predecessor-version":[{"id":25653,"href":"https:\/\/cenardarbitraje.com\/web\/wp-json\/wp\/v2\/pages\/25205\/revisions\/25653"}],"wp:attachment":[{"href":"https:\/\/cenardarbitraje.com\/web\/wp-json\/wp\/v2\/media?parent=25205"}],"curies":[{"name":"wp","href":"https:\/\/api.w.org\/{rel}","templated":true}]}}