{"id":24,"date":"2024-02-28T09:34:38","date_gmt":"2024-02-28T09:34:38","guid":{"rendered":"https:\/\/demo.bravisthemes.com\/gurus\/?page_id=24"},"modified":"2025-09-04T22:06:24","modified_gmt":"2025-09-04T22:06:24","slug":"conocenos","status":"publish","type":"page","link":"https:\/\/cenardarbitraje.com\/web\/conocenos\/","title":{"rendered":"Con\u00f3cenos"},"content":{"rendered":"\t\t<div data-elementor-type=\"wp-page\" data-elementor-id=\"24\" class=\"elementor elementor-24\" data-elementor-post-type=\"page\">\n\t\t\t\t        <section class=\"elementor-section elementor-top-section elementor-element elementor-element-43f365e elementor-section-full_width elementor-section-stretched elementor-section-height-default elementor-section-height-default pxl-row-scroll-none pxl-zoom-point-false pxl-section-overflow-visible pxl-section-fix-none pxl-full-content-with-space-none pxl-bg-color-none pxl-section-overlay-none\" data-id=\"43f365e\" data-element_type=\"section\" data-e-type=\"section\" data-settings=\"{&quot;stretch_section&quot;:&quot;section-stretched&quot;}\">\n\n                \n                <div class=\"elementor-container elementor-column-gap-extended \">\n                <div class=\"elementor-column elementor-col-50 elementor-top-column elementor-element elementor-element-aac30c5 pxl-column-none pxl-column-overflow-hidden-no\" data-id=\"aac30c5\" data-element_type=\"column\" data-e-type=\"column\" data-settings=\"{&quot;background_background&quot;:&quot;classic&quot;}\">\r\n        <div class=\"elementor-widget-wrap elementor-element-populated\">\r\n                     \r\n        \t\t<div class=\"elementor-element elementor-element-618771c elementor-widget__width-inherit elementor-absolute elementor-widget elementor-widget-pxl_image\" data-id=\"618771c\" data-element_type=\"widget\" data-e-type=\"widget\" data-settings=\"{&quot;_position&quot;:&quot;absolute&quot;}\" data-widget_type=\"pxl_image.default\">\n\t\t\t\t<div class=\"elementor-widget-container\">\n\t\t\t\t\t<div id=\"pxl_image-618771c-1702\"  class=\"pxl-image-single    \"  data-wow-delay=\"ms\" \r\n      \r\n          data-parallax-value = \"0\">\r\n    <div class=\"pxl-item--inner\" data-wow-delay=\"120ms\">\r\n                                    <div class=\"pxl-item--image\" >\r\n                                            <img fetchpriority=\"high\" decoding=\"async\" width=\"940\" height=\"886\" src=\"https:\/\/cenardarbitraje.com\/web\/wp-content\/uploads\/2024\/04\/elipse-14.png\" class=\"no-lazyload attachment-full\" alt=\"\" srcset=\"https:\/\/cenardarbitraje.com\/web\/wp-content\/uploads\/2024\/04\/elipse-14.png 940w, https:\/\/cenardarbitraje.com\/web\/wp-content\/uploads\/2024\/04\/elipse-14-400x378.png 400w, https:\/\/cenardarbitraje.com\/web\/wp-content\/uploads\/2024\/04\/elipse-14-600x566.png 600w\" sizes=\"(max-width: 940px) 100vw, 940px\" \/>                                    <\/div>\r\n                                                                    <\/div>\r\n<\/div>\r\n\t\t\t\t<\/div>\n\t\t\t\t<\/div>\n\t\t\t\t<div class=\"elementor-element elementor-element-c5e1786 elementor-widget elementor-widget-pxl_heading\" data-id=\"c5e1786\" data-element_type=\"widget\" data-e-type=\"widget\" data-widget_type=\"pxl_heading.default\">\n\t\t\t\t<div class=\"elementor-widget-container\">\n\t\t\t\t\t\n<div id=\"pxl-pxl_heading-c5e1786-2969\" class=\"pxl-heading  pxl-subtitle-box-4\" >\n\t<div class=\"pxl-heading--container\" >\n\t\t<div class=\"pxl-heading--inner\">\n\t\t\t\t\t\t\t\t\t<h2 class=\"pxl-item--title pxl-heading-default  wow fadeInUp\" data-wow-delay=\"ms\">\n\t\t\t\tCENARD, excelencia en la             <span class=\"pxl-title--highlight\">\n                soluci\u00f3n de controversias            <\/span>\n        \t\t\t\t\t\n\t\t\t\t\t\t\t<\/h2>\n\t\t<\/div>\n\t\t\n\t<\/div>\n<\/div>\n\t\t\t\t<\/div>\n\t\t\t\t<\/div>\n\t\t\t\t<div class=\"elementor-element elementor-element-55c0688 elementor-widget elementor-widget-pxl_history\" data-id=\"55c0688\" data-element_type=\"widget\" data-e-type=\"widget\" data-widget_type=\"pxl_history.default\">\n\t\t\t\t<div class=\"elementor-widget-container\">\n\t\t\t\t\t\r\n    <div class=\"pxl-history timeline-single-side \" data-wow-delay=\"ms\">\r\n                    <div class=\"pxl-item--container\">\r\n                <div class=\"pxl-item--inner\">\r\n                    <!-- Show index -->\r\n                    <div class=\"pxl-item--index pxl-flex-center\">\r\n                        <p class=\"pxl-item--number pxl-flex-center h5 pxl-white pxl-bg-blue-1 \"> 1<\/p>\r\n                    <\/div>\r\n                    <div class=\"pxl-item--info\">\r\n                        <!-- Title -->\r\n                        <h4 class=\"pxl-item--title el-empty pxl-dark-100\">Trayectoria y Reconocimiento Nacional<\/h4>\r\n                        <!-- Description -->\r\n                        <div class=\"pxl-item--content el-empty pxl-dark-slate pxl-p3\">\r\n                            <div style=\"padding: 15px; text-align: justify; font-family: Arial, sans-serif; line-height: 1.6; color: #fffff;\">\n    <p style=\"margin: 0;\">\n        El CENARD cuenta con s\u00f3lidos a\u00f1os de experiencia brindando servicios de arbitraje con altos est\u00e1ndares de calidad. Su prestigio ha sido consolidado a trav\u00e9s de la atenci\u00f3n de numerosos casos relevantes, tanto en el sector privado como en el p\u00fablico, lo que le otorga un reconocimiento s\u00f3lido en el \u00e1mbito jur\u00eddico y empresarial del pa\u00eds.\n    <\/p>\n<\/div>                        <\/div>\r\n                    <\/div>     \r\n                <\/div>\r\n            <\/div>\r\n                    <div class=\"pxl-item--container\">\r\n                <div class=\"pxl-item--inner\">\r\n                    <!-- Show index -->\r\n                    <div class=\"pxl-item--index pxl-flex-center\">\r\n                        <p class=\"pxl-item--number pxl-flex-center h5 pxl-white pxl-bg-blue-1 \"> 2<\/p>\r\n                    <\/div>\r\n                    <div class=\"pxl-item--info\">\r\n                        <!-- Title -->\r\n                        <h4 class=\"pxl-item--title el-empty pxl-dark-100\">Cuerpo Arbitral Especializado y \u00c9tico<\/h4>\r\n                        <!-- Description -->\r\n                        <div class=\"pxl-item--content el-empty pxl-dark-slate pxl-p3\">\r\n                            <div style=\"padding: 15px; text-align: justify; font-family: Arial, sans-serif; line-height: 1.6; color: #fffff;\">\n    <p style=\"margin: 0;\">\n       El centro dispone de un selecto panel de \u00e1rbitros expertos en diversas ramas del derecho, quienes act\u00faan bajo principios de imparcialidad, confidencialidad y transparencia. La rigurosa selecci\u00f3n y capacitaci\u00f3n continua de estos profesionales garantiza la adecuada conducci\u00f3n de los procesos arbitrales.\n    <\/p>\n<\/div>\n\n\n\n                        <\/div>\r\n                    <\/div>     \r\n                <\/div>\r\n            <\/div>\r\n                    <div class=\"pxl-item--container\">\r\n                <div class=\"pxl-item--inner\">\r\n                    <!-- Show index -->\r\n                    <div class=\"pxl-item--index pxl-flex-center\">\r\n                        <p class=\"pxl-item--number pxl-flex-center h5 pxl-white pxl-bg-blue-1 \"> 3<\/p>\r\n                    <\/div>\r\n                    <div class=\"pxl-item--info\">\r\n                        <!-- Title -->\r\n                        <h4 class=\"pxl-item--title el-empty pxl-dark-100\">Gesti\u00f3n Eficiente y Soporte Profesional<\/h4>\r\n                        <!-- Description -->\r\n                        <div class=\"pxl-item--content el-empty pxl-dark-slate pxl-p3\">\r\n                            <div style=\"padding: 15px; text-align: justify; font-family: Arial, sans-serif; line-height: 1.6; color: #fffff;\">\n    <p style=\"margin: 0;\">\nCENARD se distingue por ofrecer procedimientos \u00e1giles, modernos y accesibles, apoyados en una infraestructura tecnol\u00f3gica que facilita la tramitaci\u00f3n electr\u00f3nica y la gesti\u00f3n documental segura. Su equipo administrativo est\u00e1 capacitado para brindar acompa\u00f1amiento profesional durante todas las etapas del proceso arbitral.\n    <\/p>\n<\/div>\n\n\n\n                        <\/div>\r\n                    <\/div>     \r\n                <\/div>\r\n            <\/div>\r\n           \r\n    <\/div>\r\n\t\t\t\t<\/div>\n\t\t\t\t<\/div>\n\t\t\t\t<div class=\"elementor-element elementor-element-57e5719 elementor-widget elementor-widget-spacer\" data-id=\"57e5719\" data-element_type=\"widget\" data-e-type=\"widget\" data-widget_type=\"spacer.default\">\n\t\t\t\t<div class=\"elementor-widget-container\">\n\t\t\t\t\t\t\t<div class=\"elementor-spacer\">\n\t\t\t<div class=\"elementor-spacer-inner\"><\/div>\n\t\t<\/div>\n\t\t\t\t\t\t<\/div>\n\t\t\t\t<\/div>\n\t\t\t\t<div class=\"elementor-element elementor-element-b427c2a elementor-widget__width-inherit elementor-widget elementor-widget-html\" data-id=\"b427c2a\" data-element_type=\"widget\" data-e-type=\"widget\" data-widget_type=\"html.default\">\n\t\t\t\t<div class=\"elementor-widget-container\">\n\t\t\t\t\t<a class=\"btn pxl-item--button pxl-btn-default pxl-btn-large pxl-btn-border pxl-btn-light pxl-hover-default wow fadeInUp\" \r\n   href=\"https:\/\/cenardarbitraje.com\/web\/servicio-de-arbitraje\/\" \r\n   data-wow-delay=\"ms\" \r\n   data-text=\"Con\u00f3cenos\" \r\n   style=\"visibility: visible; animation-name: fadeInUp;\">\r\n   \r\n   <span class=\"pxl-btn--text\">Conoce m\u00e1s sobre Nuestros Servicios<\/span>\r\n   <i class=\"pxl-icon--default flaticon flaticon-up-right-arrow\"><\/i>\r\n<\/a>\t\t\t\t<\/div>\n\t\t\t\t<\/div>\n\t\t            <\/div>\r\n        <\/div>\r\n                <div class=\"elementor-column elementor-col-50 elementor-top-column elementor-element elementor-element-b7c514a pxl-column-none pxl-column-overflow-hidden-no\" data-id=\"b7c514a\" data-element_type=\"column\" data-e-type=\"column\">\r\n        <div class=\"elementor-widget-wrap elementor-element-populated\">\r\n                     \r\n        \t\t<div class=\"elementor-element elementor-element-e74e73b elementor-widget elementor-widget-image\" data-id=\"e74e73b\" data-element_type=\"widget\" data-e-type=\"widget\" data-widget_type=\"image.default\">\n\t\t\t\t<div class=\"elementor-widget-container\">\n\t\t\t\t\t\t\t\t\t\t\t\t\t\t\t<img decoding=\"async\" width=\"1024\" height=\"682\" src=\"https:\/\/cenardarbitraje.com\/web\/wp-content\/uploads\/2025\/04\/consultation-between-a-male-lawyer-and-business-customer-handshake-after-good-deal-agreement-law-1024x682.jpg\" class=\"attachment-large size-large wp-image-24686\" alt=\"Consultation between a male lawyer and business customer, handshake after good deal agreement, Law\" srcset=\"https:\/\/cenardarbitraje.com\/web\/wp-content\/uploads\/2025\/04\/consultation-between-a-male-lawyer-and-business-customer-handshake-after-good-deal-agreement-law-1024x682.jpg 1024w, https:\/\/cenardarbitraje.com\/web\/wp-content\/uploads\/2025\/04\/consultation-between-a-male-lawyer-and-business-customer-handshake-after-good-deal-agreement-law-300x200.jpg 300w, https:\/\/cenardarbitraje.com\/web\/wp-content\/uploads\/2025\/04\/consultation-between-a-male-lawyer-and-business-customer-handshake-after-good-deal-agreement-law-768x511.jpg 768w, https:\/\/cenardarbitraje.com\/web\/wp-content\/uploads\/2025\/04\/consultation-between-a-male-lawyer-and-business-customer-handshake-after-good-deal-agreement-law-1536x1023.jpg 1536w, https:\/\/cenardarbitraje.com\/web\/wp-content\/uploads\/2025\/04\/consultation-between-a-male-lawyer-and-business-customer-handshake-after-good-deal-agreement-law-1066x710.jpg 1066w, https:\/\/cenardarbitraje.com\/web\/wp-content\/uploads\/2025\/04\/consultation-between-a-male-lawyer-and-business-customer-handshake-after-good-deal-agreement-law-600x400.jpg 600w, https:\/\/cenardarbitraje.com\/web\/wp-content\/uploads\/2025\/04\/consultation-between-a-male-lawyer-and-business-customer-handshake-after-good-deal-agreement-law.jpg 2000w\" sizes=\"(max-width: 1024px) 100vw, 1024px\" \/>\t\t\t\t\t\t\t\t\t\t\t\t\t\t\t<\/div>\n\t\t\t\t<\/div>\n\t\t\t\t<div class=\"elementor-element elementor-element-71bf5cc elementor-widget elementor-widget-text-editor\" data-id=\"71bf5cc\" data-element_type=\"widget\" data-e-type=\"widget\" data-widget_type=\"text-editor.default\">\n\t\t\t\t<div class=\"elementor-widget-container\">\n\t\t\t\t\t\t\t\t\t<div style=\"padding: 15px; text-align: justify; font-family: Arial, sans-serif; line-height: 1.6; color: #333;\">\n    <p style=\"margin: 0;\">\n        El CENARD se ha consolidado con la misi\u00f3n de ofrecer servicios de soluci\u00f3n de controversias de manera eficiente, transparente y confiable, asegurando procesos imparciales y especializados para la resoluci\u00f3n de conflictos. Contamos con un equipo de \u00e1rbitros altamente calificados y una infraestructura moderna que asegura el cumplimiento de los m\u00e1s altos est\u00e1ndares \u00e9ticos y profesionales. A lo largo de los a\u00f1os, hemos contribuido significativamente a la promoci\u00f3n de la cultura arbitral en el pa\u00eds, fortaleciendo la confianza de empresas, instituciones y ciudadanos en los mecanismos alternativos de soluci\u00f3n de conflictos.\n    <\/p>\n<\/div>.\t\t\t\t\t\t\t\t<\/div>\n\t\t\t\t<\/div>\n\t\t            <\/div>\r\n        <\/div>\r\n        \t\t\t<\/div>\n\t\t<\/section>\n\t\t\t\t<\/div>\n\t\t","protected":false},"excerpt":{"rendered":"<p>CENARD, excelencia en la soluci\u00f3n de controversias 1 Trayectoria y Reconocimiento Nacional El CENARD cuenta con s\u00f3lidos a\u00f1os de experiencia brindando servicios de arbitraje con altos est\u00e1ndares de calidad. Su prestigio ha sido consolidado a trav\u00e9s de la atenci\u00f3n de numerosos casos relevantes, tanto en el sector privado como en el p\u00fablico, lo que le [&hellip;]<\/p>\n","protected":false},"author":1,"featured_media":0,"parent":0,"menu_order":0,"comment_status":"closed","ping_status":"closed","template":"","meta":{"footnotes":""},"class_list":["post-24","page","type-page","status-publish","hentry"],"_hostinger_reach_plugin_has_subscription_block":false,"_hostinger_reach_plugin_is_elementor":false,"_links":{"self":[{"href":"https:\/\/cenardarbitraje.com\/web\/wp-json\/wp\/v2\/pages\/24","targetHints":{"allow":["GET"]}}],"collection":[{"href":"https:\/\/cenardarbitraje.com\/web\/wp-json\/wp\/v2\/pages"}],"about":[{"href":"https:\/\/cenardarbitraje.com\/web\/wp-json\/wp\/v2\/types\/page"}],"author":[{"embeddable":true,"href":"https:\/\/cenardarbitraje.com\/web\/wp-json\/wp\/v2\/users\/1"}],"replies":[{"embeddable":true,"href":"https:\/\/cenardarbitraje.com\/web\/wp-json\/wp\/v2\/comments?post=24"}],"version-history":[{"count":56,"href":"https:\/\/cenardarbitraje.com\/web\/wp-json\/wp\/v2\/pages\/24\/revisions"}],"predecessor-version":[{"id":25607,"href":"https:\/\/cenardarbitraje.com\/web\/wp-json\/wp\/v2\/pages\/24\/revisions\/25607"}],"wp:attachment":[{"href":"https:\/\/cenardarbitraje.com\/web\/wp-json\/wp\/v2\/media?parent=24"}],"curies":[{"name":"wp","href":"https:\/\/api.w.org\/{rel}","templated":true}]}}