{"id":15142,"date":"2024-03-01T08:44:23","date_gmt":"2024-03-01T08:44:23","guid":{"rendered":"https:\/\/demo.bravisthemes.com\/gurus\/?page_id=15142"},"modified":"2025-11-10T14:47:46","modified_gmt":"2025-11-10T14:47:46","slug":"inicio","status":"publish","type":"page","link":"https:\/\/cenardarbitraje.com\/web\/","title":{"rendered":"Inicio"},"content":{"rendered":"\t\t<div data-elementor-type=\"wp-page\" data-elementor-id=\"15142\" class=\"elementor elementor-15142\" data-elementor-post-type=\"page\">\n\t\t\t\t        <section class=\"elementor-section elementor-top-section elementor-element elementor-element-ab0bcd9 elementor-section-full_width elementor-section-stretched elementor-section-height-default elementor-section-height-default pxl-row-scroll-none pxl-zoom-point-false pxl-section-overflow-visible pxl-section-fix-none pxl-full-content-with-space-none pxl-bg-color-none pxl-section-overlay-none\" data-id=\"ab0bcd9\" data-element_type=\"section\" data-e-type=\"section\" data-settings=\"{&quot;stretch_section&quot;:&quot;section-stretched&quot;}\">\n\n                \n                <div class=\"elementor-container elementor-column-gap-extended \">\n                <div class=\"elementor-column elementor-col-100 elementor-top-column elementor-element elementor-element-3a0052e pxl-column-none pxl-column-overflow-hidden-no\" data-id=\"3a0052e\" data-element_type=\"column\" data-e-type=\"column\">\r\n        <div class=\"elementor-widget-wrap elementor-element-populated\">\r\n                     \r\n        \t\t<div class=\"elementor-element elementor-element-e0dccee elementor-widget elementor-widget-pxl_slider1\" data-id=\"e0dccee\" data-element_type=\"widget\" data-e-type=\"widget\" data-widget_type=\"pxl_slider1.default\">\n\t\t\t\t<div class=\"elementor-widget-container\">\n\t\t\t\t\t\r\n\r\n    <div class=\"pxl-swiper-slider pxl-slider pxl-slider1 pxl-swiper-nogap\">\r\n        <!-- <div class=\"pxl-carousel-inner\"> -->\r\n            <div class=\"pxl-swiper-container\" dir=\"ltr\" data-settings=\"{&quot;opt_arrows&quot;:false,&quot;opt_pagination&quot;:true,&quot;pagination_type&quot;:&quot;bullets&quot;,&quot;opt_loop&quot;:false,&quot;opt_auto_play&quot;:true,&quot;delay&quot;:5000,&quot;disable_on_interaction&quot;:true,&quot;opt_effect&quot;:&quot;fade&quot;,&quot;opt_speed&quot;:5000,&quot;opt_allow_touch_move&quot;:true}\">\r\n                <div class=\"pxl-swiper-wrapper\">\r\n                                                                    <div class=\"swiper-slide pxl-swiper-slide\">\r\n                            <div class=\"pxl-slide-inner\">\r\n                                <div class=\"pxl-slide--bg\">\r\n                                                                            <div class=\"pxl-bg--image\" data-background=\"https:\/\/cenardarbitraje.com\/web\/wp-content\/uploads\/2025\/11\/concentrated-colleagues-watching-statistic-charts-talking-about-work-professional-senior-managers-young-assistant-preparing-business-plan-teamwork-management-partnership-concept-scaled.jpg\" style=\"background-image: url('https:\/\/cenardarbitraje.com\/web\/wp-content\/uploads\/2025\/11\/concentrated-colleagues-watching-statistic-charts-talking-about-work-professional-senior-managers-young-assistant-preparing-business-plan-teamwork-management-partnership-concept-scaled.jpg')\"><\/div> \r\n                                                                        <div class=\"pxl-bg--overlay\"><\/div>\r\n                                <\/div>\r\n                                <div class=\"pxl-slide-container\">\r\n                                    <div class=\"pxl-slide-content\">\r\n                                        <div class=\"pxl-content--top\">\r\n                                                                                            <h2 class=\"pxl-item--title\">Centro Nacional para la Resoluci\u00f3n de Disputas\nCENARD<\/h2>\r\n                                                                                                                                        <p class=\"pxl-item--subtitle pxl-p1 pxl-white\" data-wow-delay=\"1000ms\">Asociaci\u00f3n para la promoci\u00f3n cultural de los mecanismos alternativos de soluci\u00f3n de controversias<\/p>\r\n                                                                                    <\/div>\r\n                                        <div class=\"pxl-content--bottom\">\r\n                                                                                                                                        <p class=\"pxl-item--quote h3 pxl-white\"><a class=\"btn pxl-item--button pxl-btn-default pxl-btn-large pxl-btn-border pxl-btn-light pxl-hover-default wow fadeInUp\" \n   href=\"https:\/\/cenardarbitraje.com\/web\/conocenos\/\" \n   data-wow-delay=\"ms\" \n   data-text=\"Con\u00f3cenos\" \n   style=\"visibility: visible; animation-name: fadeInUp;\">\n   \n   <span class=\"pxl-btn--text\">Con\u00f3cenos<\/span>\n   <i class=\"pxl-icon--default flaticon flaticon-up-right-arrow\"><\/i>\n<\/a><\/p>\r\n                                                                                    <\/div>\r\n                                    <\/div>\r\n                                <\/div>\r\n                            <\/div>\r\n                        <\/div>\r\n                                    <\/div>\r\n            <\/div>\r\n                            <div class=\"pxl-swiper-dots-wrap style2\">\r\n                    <div class=\"pxl-swiper-dots\"><\/div>\r\n                <\/div>\r\n                                <!-- <\/div> -->\r\n    <\/div>\r\n<!-- end of hero slider -->\r\n\r\n\r\n\t\t\t\t<\/div>\n\t\t\t\t<\/div>\n\t\t            <\/div>\r\n        <\/div>\r\n        \t\t\t<\/div>\n\t\t<\/section>\n\t\t        <section class=\"elementor-section elementor-top-section elementor-element elementor-element-1785854 elementor-section-stretched elementor-section-full_width elementor-section-height-default elementor-section-height-default pxl-row-scroll-none pxl-zoom-point-false pxl-section-overflow-visible pxl-section-fix-none pxl-full-content-with-space-none pxl-bg-color-none pxl-section-overlay-none\" data-id=\"1785854\" data-element_type=\"section\" data-e-type=\"section\" data-settings=\"{&quot;stretch_section&quot;:&quot;section-stretched&quot;}\">\n\n                \n                <div class=\"elementor-container elementor-column-gap-custom \">\n                <div class=\"elementor-column elementor-col-100 elementor-top-column elementor-element elementor-element-ec3fd87 pxl-column-none pxl-column-overflow-hidden-no\" data-id=\"ec3fd87\" data-element_type=\"column\" data-e-type=\"column\">\r\n        <div class=\"elementor-widget-wrap elementor-element-populated\">\r\n                     \r\n        \t\t<div class=\"elementor-element elementor-element-c17e989 elementor-widget elementor-widget-spacer\" data-id=\"c17e989\" data-element_type=\"widget\" data-e-type=\"widget\" data-widget_type=\"spacer.default\">\n\t\t\t\t<div class=\"elementor-widget-container\">\n\t\t\t\t\t\t\t<div class=\"elementor-spacer\">\n\t\t\t<div class=\"elementor-spacer-inner\"><\/div>\n\t\t<\/div>\n\t\t\t\t\t\t<\/div>\n\t\t\t\t<\/div>\n\t\t\t\t<div class=\"elementor-element elementor-element-89dcc7c elementor-widget elementor-widget-pxl_heading\" data-id=\"89dcc7c\" data-element_type=\"widget\" data-e-type=\"widget\" data-widget_type=\"pxl_heading.default\">\n\t\t\t\t<div class=\"elementor-widget-container\">\n\t\t\t\t\t\n<div id=\"pxl-pxl_heading-89dcc7c-7755\" class=\"pxl-heading  pxl-subtitle-box-3\" >\n\t<div class=\"pxl-heading--container\" >\n\t\t<div class=\"pxl-heading--inner\">\n\t\t\t\t\t\t\t\t\t<h2 class=\"pxl-item--title pxl-heading-default  wow fadeInUp\" data-wow-delay=\"ms\">\n\t\t\t\tNuestros servicios\t\t\t\t\t\n\t\t\t\t\t\t\t<\/h2>\n\t\t<\/div>\n\t\t\n\t<\/div>\n<\/div>\n\t\t\t\t<\/div>\n\t\t\t\t<\/div>\n\t\t\t\t<div class=\"elementor-element elementor-element-c3a1c34 elementor-widget elementor-widget-pxl_text_editor\" data-id=\"c3a1c34\" data-element_type=\"widget\" data-e-type=\"widget\" data-widget_type=\"pxl_text_editor.default\">\n\t\t\t\t<div class=\"elementor-widget-container\">\n\t\t\t\t\t<div class=\"pxl-text-editor\">\n\t<div class=\"pxl-item--inner    \" data-wow-delay=\"ms\">\n\t\t<p>\u00a0<\/p><ul><li>Arbitraje<\/li><li>Junta de Prevenci\u00f3n y Resoluci\u00f3n de Disputas &#8211; JPRD<\/li><li>Dispute Boards<\/li><li>Mediaci\u00f3n<\/li><\/ul>\t\t\n\t<\/div>\n<\/div>\t\t\t\t<\/div>\n\t\t\t\t<\/div>\n\t\t            <\/div>\r\n        <\/div>\r\n        \t\t\t<\/div>\n\t\t<\/section>\n\t\t\t\t<\/div>\n\t\t","protected":false},"excerpt":{"rendered":"<p>Centro Nacional para la Resoluci\u00f3n de Disputas CENARD Asociaci\u00f3n para la promoci\u00f3n cultural de los mecanismos alternativos de soluci\u00f3n de controversias Con\u00f3cenos Nuestros servicios \u00a0 Arbitraje Junta de Prevenci\u00f3n y Resoluci\u00f3n de Disputas &#8211; JPRD Dispute Boards Mediaci\u00f3n<\/p>\n","protected":false},"author":1,"featured_media":0,"parent":0,"menu_order":0,"comment_status":"closed","ping_status":"closed","template":"","meta":{"footnotes":""},"class_list":["post-15142","page","type-page","status-publish","hentry"],"_hostinger_reach_plugin_has_subscription_block":false,"_hostinger_reach_plugin_is_elementor":false,"_links":{"self":[{"href":"https:\/\/cenardarbitraje.com\/web\/wp-json\/wp\/v2\/pages\/15142","targetHints":{"allow":["GET"]}}],"collection":[{"href":"https:\/\/cenardarbitraje.com\/web\/wp-json\/wp\/v2\/pages"}],"about":[{"href":"https:\/\/cenardarbitraje.com\/web\/wp-json\/wp\/v2\/types\/page"}],"author":[{"embeddable":true,"href":"https:\/\/cenardarbitraje.com\/web\/wp-json\/wp\/v2\/users\/1"}],"replies":[{"embeddable":true,"href":"https:\/\/cenardarbitraje.com\/web\/wp-json\/wp\/v2\/comments?post=15142"}],"version-history":[{"count":238,"href":"https:\/\/cenardarbitraje.com\/web\/wp-json\/wp\/v2\/pages\/15142\/revisions"}],"predecessor-version":[{"id":25896,"href":"https:\/\/cenardarbitraje.com\/web\/wp-json\/wp\/v2\/pages\/15142\/revisions\/25896"}],"wp:attachment":[{"href":"https:\/\/cenardarbitraje.com\/web\/wp-json\/wp\/v2\/media?parent=15142"}],"curies":[{"name":"wp","href":"https:\/\/api.w.org\/{rel}","templated":true}]}}